{"id":1826,"date":"2024-12-22T18:14:41","date_gmt":"2024-12-22T17:14:41","guid":{"rendered":"https:\/\/i100anni.com\/?page_id=1826"},"modified":"2026-03-05T18:45:29","modified_gmt":"2026-03-05T17:45:29","slug":"tiny-haus","status":"publish","type":"page","link":"https:\/\/i100anni.com\/de_DE\/zukunftsplaene\/tiny-haus\/","title":{"rendered":"Tiny Haus"},"content":{"rendered":"\t\t<div data-elementor-type=\"wp-page\" data-elementor-id=\"1826\" class=\"elementor elementor-1826\" data-elementor-post-type=\"page\">\n\t\t\t\t<div class=\"elementor-element elementor-element-590f20b e-con-full e-flex e-con e-parent\" data-id=\"590f20b\" data-element_type=\"container\" data-e-type=\"container\" id=\"top\" data-settings=\"{&quot;background_background&quot;:&quot;classic&quot;,&quot;background_motion_fx_motion_fx_scrolling&quot;:&quot;yes&quot;,&quot;background_motion_fx_devices&quot;:[&quot;desktop&quot;,&quot;laptop&quot;,&quot;tablet&quot;,&quot;mobile&quot;]}\">\n\t\t<div class=\"elementor-element elementor-element-96374e4 e-con-full e-flex e-con e-child\" data-id=\"96374e4\" data-element_type=\"container\" data-e-type=\"container\">\n\t\t\t\t<div class=\"elementor-element elementor-element-e3fac4f animated-slow elementor-invisible elementor-widget elementor-widget-heading\" data-id=\"e3fac4f\" data-element_type=\"widget\" data-e-type=\"widget\" data-settings=\"{&quot;_animation&quot;:&quot;zoomIn&quot;}\" data-widget_type=\"heading.default\">\n\t\t\t\t<div class=\"elementor-widget-container\">\n\t\t\t\t\t<div class=\"elementor-heading-title elementor-size-default\">Tiny Haus<\/div>\t\t\t\t<\/div>\n\t\t\t\t<\/div>\n\t\t\t\t<div class=\"elementor-element elementor-element-7518f4a animated-slow elementor-invisible elementor-widget elementor-widget-heading\" data-id=\"7518f4a\" data-element_type=\"widget\" data-e-type=\"widget\" data-settings=\"{&quot;_animation&quot;:&quot;fadeInDown&quot;}\" data-widget_type=\"heading.default\">\n\t\t\t\t<div class=\"elementor-widget-container\">\n\t\t\t\t\t<div class=\"elementor-heading-title elementor-size-default\">Zukunftspl\u00e4ne<br>2026\/27<\/div>\t\t\t\t<\/div>\n\t\t\t\t<\/div>\n\t\t\t\t<div class=\"elementor-element elementor-element-3ca5b06 animated-slow elementor-view-default elementor-invisible elementor-widget elementor-widget-icon\" data-id=\"3ca5b06\" data-element_type=\"widget\" data-e-type=\"widget\" data-settings=\"{&quot;motion_fx_motion_fx_scrolling&quot;:&quot;yes&quot;,&quot;_animation&quot;:&quot;fadeInUp&quot;,&quot;_animation_delay&quot;:&quot;1000&quot;,&quot;motion_fx_devices&quot;:[&quot;desktop&quot;,&quot;laptop&quot;,&quot;tablet&quot;,&quot;mobile&quot;]}\" data-widget_type=\"icon.default\">\n\t\t\t\t<div class=\"elementor-widget-container\">\n\t\t\t\t\t\t\t<div class=\"elementor-icon-wrapper\">\n\t\t\t<a class=\"elementor-icon elementor-animation-pulse\" href=\"#Tiny\">\n\t\t\t<svg xmlns=\"http:\/\/www.w3.org\/2000\/svg\" id=\"f25b46f8-6104-47c9-8f1f-d4f0f5a5a4ab\" data-name=\"Layer 1\" viewBox=\"0 0 29.6836 21.0205\"><g id=\"a26fc822-5ffa-4744-a954-69ee883c57fc\" data-name=\"Page-1\"><g id=\"e7225c7b-e0fd-4e80-862e-e0b5dc4817dd\" data-name=\"Homepage\"><g id=\"ff265e74-3d0d-41f0-8578-c6f49acc811d\" data-name=\"Hero-Section\"><g id=\"f51052c6-0c6f-4c17-be34-45f176eaa2d4\" data-name=\"Arrow\"><g id=\"feb9d568-7c65-469c-be1c-4c66f6fe508c\" data-name=\"Group-4\"><g id=\"bc1b2d43-18f4-4c4a-9ddb-f8784f1f793b\" data-name=\"Group-3\"><g id=\"ebcd3d89-a5d2-4028-bcf3-30228da45525\" data-name=\"Path-5\"><polygon points=\"14.63 21.021 0 10.824 0.572 10.004 14.638 19.808 29.123 10 29.684 10.828 14.63 21.021\"><\/polygon><\/g><\/g><g id=\"b8abb5e9-6116-405e-a9bd-8494dc15aaf6\" data-name=\"Group-3-Copy\"><g id=\"b94158a1-d237-43ab-9444-47634c5b7092\" data-name=\"Path-5\"><polygon points=\"14.63 11.021 0 0.824 0.572 0.004 14.638 9.808 29.123 0 29.684 0.828 14.63 11.021\"><\/polygon><\/g><\/g><\/g><\/g><\/g><\/g><\/g><\/svg>\t\t\t<\/a>\n\t\t<\/div>\n\t\t\t\t\t\t<\/div>\n\t\t\t\t<\/div>\n\t\t\t\t<\/div>\n\t\t\t\t<\/div>\n\t\t<main class=\"elementor-element elementor-element-956971d e-flex e-con-boxed e-con e-parent\" data-id=\"956971d\" data-element_type=\"container\" data-e-type=\"container\" id=\"Tiny\" data-settings=\"{&quot;background_background&quot;:&quot;classic&quot;}\">\n\t\t\t\t\t<div class=\"e-con-inner\">\n\t\t<div class=\"elementor-element elementor-element-9573421 e-con-full e-flex e-con e-child\" data-id=\"9573421\" data-element_type=\"container\" data-e-type=\"container\">\n\t\t\t\t<div class=\"elementor-element elementor-element-5c2fdbf elementor-widget__width-initial elementor-widget-tablet__width-inherit elementor-widget elementor-widget-heading\" data-id=\"5c2fdbf\" data-element_type=\"widget\" data-e-type=\"widget\" data-widget_type=\"heading.default\">\n\t\t\t\t<div class=\"elementor-widget-container\">\n\t\t\t\t\t<h2 class=\"elementor-heading-title elementor-size-default\">Tiny Haus<\/h2>\t\t\t\t<\/div>\n\t\t\t\t<\/div>\n\t\t\t\t<div class=\"elementor-element elementor-element-d3cf74d elementor-widget__width-initial elementor-widget-tablet__width-inherit elementor-widget elementor-widget-text-editor\" data-id=\"d3cf74d\" data-element_type=\"widget\" data-e-type=\"widget\" data-widget_type=\"text-editor.default\">\n\t\t\t\t<div class=\"elementor-widget-container\">\n\t\t\t\t\t\t\t\t\t<p>In perfekter Harmonie mit der umliegenden Natur entsteht ein wundersch\u00f6nes Tiny Haus. Eingebettet zwischen jahrhundertealten Olivenb\u00e4umen, bietet es eine fantastische M\u00f6glichkeit f\u00fcr eine unvergessliche Auszeit auf Sizilien.<\/p><p>Das Tiny Haus verf\u00fcgt \u00fcber ein kuscheliges kleines Wohnzimmer, einem modernen Badezimmer, eine kleine Outdoor K\u00fcche, die Komfort und Funktionalit\u00e4t perfekt vereinen und einem Schlafzimmer das zum Tr\u00e4umen einl\u00e4dt und einem traumhaften Blick auf das Meer und die Bucht von Giardini Naxos bietet.<\/p><p>Das Tiny Haus bietet die M\u00f6glichkeit sich in absoluter Privatsph\u00e4re zu erholen, w\u00e4hrend man gleichzeitig die N\u00e4he zur charmanten Stadt Taormina und Giardini Naxos geniessen kann.<\/p><p>Der perfekte Ort, um die Seele baumeln zu lassen und die Sch\u00f6nheit Siziliens zu erleben.<\/p>\t\t\t\t\t\t\t\t<\/div>\n\t\t\t\t<\/div>\n\t\t\t\t<\/div>\n\t\t\t\t\t<\/div>\n\t\t\t\t<\/main>\n\t\t<div class=\"elementor-element elementor-element-6502da2 e-con-full e-flex e-con e-parent\" data-id=\"6502da2\" data-element_type=\"container\" data-e-type=\"container\">\n\t\t<div class=\"elementor-element elementor-element-939a574 e-con-full e-flex e-con e-child\" data-id=\"939a574\" data-element_type=\"container\" data-e-type=\"container\">\n\t\t<div class=\"elementor-element elementor-element-1c8085c e-con-full e-flex e-con e-child\" data-id=\"1c8085c\" data-element_type=\"container\" data-e-type=\"container\" data-settings=\"{&quot;background_background&quot;:&quot;classic&quot;}\">\n\t\t\t\t<div class=\"elementor-element elementor-element-1b5f85a elementor-widget elementor-widget-spacer\" data-id=\"1b5f85a\" data-element_type=\"widget\" data-e-type=\"widget\" data-widget_type=\"spacer.default\">\n\t\t\t\t<div class=\"elementor-widget-container\">\n\t\t\t\t\t\t\t<div class=\"elementor-spacer\">\n\t\t\t<div class=\"elementor-spacer-inner\"><\/div>\n\t\t<\/div>\n\t\t\t\t\t\t<\/div>\n\t\t\t\t<\/div>\n\t\t\t\t<\/div>\n\t\t<div class=\"elementor-element elementor-element-5363853 e-con-full e-flex e-con e-child\" data-id=\"5363853\" data-element_type=\"container\" data-e-type=\"container\" data-settings=\"{&quot;background_background&quot;:&quot;classic&quot;}\">\n\t\t\t\t<div class=\"elementor-element elementor-element-e5a948b elementor-cta--skin-classic elementor-animated-content elementor-bg-transform elementor-bg-transform-zoom-in elementor-widget elementor-widget-call-to-action\" data-id=\"e5a948b\" data-element_type=\"widget\" data-e-type=\"widget\" data-widget_type=\"call-to-action.default\">\n\t\t\t\t<div class=\"elementor-widget-container\">\n\t\t\t\t\t\t\t<div class=\"elementor-cta\">\n\t\t\t\t\t<div class=\"elementor-cta__bg-wrapper\">\n\t\t\t\t<div class=\"elementor-cta__bg elementor-bg\" style=\"background-image: url(https:\/\/i100anni.com\/wp-content\/uploads\/2024\/12\/Tiny-House-03-1e-1024x768.jpg);\" role=\"img\" aria-label=\"Tiny-House-03-1e\"><\/div>\n\t\t\t\t<div class=\"elementor-cta__bg-overlay\"><\/div>\n\t\t\t<\/div>\n\t\t\t\t\t\t\t\t<\/div>\n\t\t\t\t\t\t<\/div>\n\t\t\t\t<\/div>\n\t\t\t\t<\/div>\n\t\t<div class=\"elementor-element elementor-element-e95c43f e-con-full e-flex e-con e-child\" data-id=\"e95c43f\" data-element_type=\"container\" data-e-type=\"container\" data-settings=\"{&quot;background_background&quot;:&quot;classic&quot;}\">\n\t\t\t\t<div class=\"elementor-element elementor-element-9f95cb0 elementor-cta--skin-classic elementor-animated-content elementor-bg-transform elementor-bg-transform-zoom-in elementor-widget elementor-widget-call-to-action\" data-id=\"9f95cb0\" data-element_type=\"widget\" data-e-type=\"widget\" data-widget_type=\"call-to-action.default\">\n\t\t\t\t<div class=\"elementor-widget-container\">\n\t\t\t\t\t\t\t<div class=\"elementor-cta\">\n\t\t\t\t\t<div class=\"elementor-cta__bg-wrapper\">\n\t\t\t\t<div class=\"elementor-cta__bg elementor-bg\" style=\"background-image: url(https:\/\/i100anni.com\/wp-content\/uploads\/2024\/12\/Image-Oliven-01-768x1024.jpg);\" role=\"img\" aria-label=\"Image-Oliven-01\"><\/div>\n\t\t\t\t<div class=\"elementor-cta__bg-overlay\"><\/div>\n\t\t\t<\/div>\n\t\t\t\t\t\t\t\t<\/div>\n\t\t\t\t\t\t<\/div>\n\t\t\t\t<\/div>\n\t\t\t\t<\/div>\n\t\t<div class=\"elementor-element elementor-element-7c8cc80 e-con-full e-flex e-con e-child\" data-id=\"7c8cc80\" data-element_type=\"container\" data-e-type=\"container\" data-settings=\"{&quot;background_background&quot;:&quot;classic&quot;}\">\n\t\t\t\t<div class=\"elementor-element elementor-element-604ea08 elementor-cta--skin-classic elementor-animated-content elementor-bg-transform elementor-bg-transform-zoom-in elementor-widget elementor-widget-call-to-action\" data-id=\"604ea08\" data-element_type=\"widget\" data-e-type=\"widget\" data-widget_type=\"call-to-action.default\">\n\t\t\t\t<div class=\"elementor-widget-container\">\n\t\t\t\t\t\t\t<div class=\"elementor-cta\">\n\t\t\t\t\t<div class=\"elementor-cta__bg-wrapper\">\n\t\t\t\t<div class=\"elementor-cta__bg elementor-bg\" style=\"background-image: url(https:\/\/i100anni.com\/wp-content\/uploads\/2024\/12\/Anwesen-Impressionen-07-1024x768.jpg);\" role=\"img\" aria-label=\"Anwesen-Impressionen-07\"><\/div>\n\t\t\t\t<div class=\"elementor-cta__bg-overlay\"><\/div>\n\t\t\t<\/div>\n\t\t\t\t\t\t\t\t<\/div>\n\t\t\t\t\t\t<\/div>\n\t\t\t\t<\/div>\n\t\t\t\t<\/div>\n\t\t<div class=\"elementor-element elementor-element-e0058cb e-con-full e-flex e-con e-child\" data-id=\"e0058cb\" data-element_type=\"container\" data-e-type=\"container\" data-settings=\"{&quot;background_background&quot;:&quot;classic&quot;}\">\n\t\t\t\t<div class=\"elementor-element elementor-element-3a6dc80 elementor-widget elementor-widget-spacer\" data-id=\"3a6dc80\" data-element_type=\"widget\" data-e-type=\"widget\" data-widget_type=\"spacer.default\">\n\t\t\t\t<div class=\"elementor-widget-container\">\n\t\t\t\t\t\t\t<div class=\"elementor-spacer\">\n\t\t\t<div class=\"elementor-spacer-inner\"><\/div>\n\t\t<\/div>\n\t\t\t\t\t\t<\/div>\n\t\t\t\t<\/div>\n\t\t\t\t<\/div>\n\t\t\t\t<\/div>\n\t\t\t\t<div class=\"elementor-element elementor-element-8257c31 elementor-widget__width-auto elementor-fixed elementor-view-default elementor-invisible elementor-widget elementor-widget-icon\" data-id=\"8257c31\" data-element_type=\"widget\" data-e-type=\"widget\" data-settings=\"{&quot;_position&quot;:&quot;fixed&quot;,&quot;motion_fx_motion_fx_scrolling&quot;:&quot;yes&quot;,&quot;motion_fx_opacity_effect&quot;:&quot;yes&quot;,&quot;motion_fx_opacity_range&quot;:{&quot;unit&quot;:&quot;%&quot;,&quot;size&quot;:&quot;&quot;,&quot;sizes&quot;:{&quot;start&quot;:&quot;10&quot;,&quot;end&quot;:&quot;40&quot;}},&quot;_animation&quot;:&quot;slideInUp&quot;,&quot;motion_fx_opacity_direction&quot;:&quot;out-in&quot;,&quot;motion_fx_opacity_level&quot;:{&quot;unit&quot;:&quot;px&quot;,&quot;size&quot;:10,&quot;sizes&quot;:[]},&quot;motion_fx_devices&quot;:[&quot;desktop&quot;,&quot;laptop&quot;,&quot;tablet&quot;,&quot;mobile&quot;]}\" title=\"go top\" data-widget_type=\"icon.default\">\n\t\t\t\t<div class=\"elementor-widget-container\">\n\t\t\t\t\t\t\t<div class=\"elementor-icon-wrapper\">\n\t\t\t<a class=\"elementor-icon elementor-animation-grow\" href=\"#top\">\n\t\t\t<svg xmlns=\"http:\/\/www.w3.org\/2000\/svg\" xmlns:xlink=\"http:\/\/www.w3.org\/1999\/xlink\" width=\"20\" height=\"20\" viewBox=\"0 0 20 20\"><path fill=\"#000000\" d=\"M9.146 0.646l-6 6c-0.195 0.195-0.195 0.512 0 0.707s0.512 0.195 0.707 0l5.146-5.146v16.293c0 0.276 0.224 0.5 0.5 0.5s0.5-0.224 0.5-0.5v-16.293l5.146 5.146c0.195 0.195 0.512 0.195 0.707 0 0.098-0.098 0.146-0.226 0.146-0.354s-0.049-0.256-0.146-0.354l-6-6c-0.195-0.195-0.512-0.195-0.707 0z\"><\/path><\/svg>\t\t\t<\/a>\n\t\t<\/div>\n\t\t\t\t\t\t<\/div>\n\t\t\t\t<\/div>\n\t\t\t\t<\/div>\n\t\t\t\t<\/div>\n\t\t","protected":false},"excerpt":{"rendered":"<p>Zukunftspl\u00e4ne2026\/27 In perfekter Harmonie mit der umliegenden Natur entsteht ein wundersch\u00f6nes Tiny Haus. Eingebettet zwischen jahrhundertealten Olivenb\u00e4umen, bietet es eine fantastische M\u00f6glichkeit f\u00fcr eine unvergessliche Auszeit auf Sizilien. Das Tiny Haus verf\u00fcgt \u00fcber ein kuscheliges kleines Wohnzimmer, einem modernen Badezimmer, eine kleine Outdoor K\u00fcche, die Komfort und Funktionalit\u00e4t perfekt vereinen und einem Schlafzimmer das zum [&hellip;]<\/p>\n","protected":false},"author":1,"featured_media":0,"parent":116,"menu_order":2,"comment_status":"closed","ping_status":"closed","template":"","meta":{"footnotes":""},"class_list":["post-1826","page","type-page","status-publish","hentry"],"_links":{"self":[{"href":"https:\/\/i100anni.com\/de_DE\/wp-json\/wp\/v2\/pages\/1826","targetHints":{"allow":["GET"]}}],"collection":[{"href":"https:\/\/i100anni.com\/de_DE\/wp-json\/wp\/v2\/pages"}],"about":[{"href":"https:\/\/i100anni.com\/de_DE\/wp-json\/wp\/v2\/types\/page"}],"author":[{"embeddable":true,"href":"https:\/\/i100anni.com\/de_DE\/wp-json\/wp\/v2\/users\/1"}],"replies":[{"embeddable":true,"href":"https:\/\/i100anni.com\/de_DE\/wp-json\/wp\/v2\/comments?post=1826"}],"version-history":[{"count":0,"href":"https:\/\/i100anni.com\/de_DE\/wp-json\/wp\/v2\/pages\/1826\/revisions"}],"up":[{"embeddable":true,"href":"https:\/\/i100anni.com\/de_DE\/wp-json\/wp\/v2\/pages\/116"}],"wp:attachment":[{"href":"https:\/\/i100anni.com\/de_DE\/wp-json\/wp\/v2\/media?parent=1826"}],"curies":[{"name":"wp","href":"https:\/\/api.w.org\/{rel}","templated":true}]}}