{"id":110,"date":"2024-11-19T19:50:14","date_gmt":"2024-11-19T18:50:14","guid":{"rendered":"https:\/\/i100anni.com\/?page_id=110"},"modified":"2026-01-08T18:10:38","modified_gmt":"2026-01-08T17:10:38","slug":"ueber-uns","status":"publish","type":"page","link":"https:\/\/i100anni.com\/en\/ueber-uns\/","title":{"rendered":"\u00dcber uns"},"content":{"rendered":"\t\t<div data-elementor-type=\"wp-page\" data-elementor-id=\"110\" class=\"elementor elementor-110\" data-elementor-post-type=\"page\">\n\t\t\t\t<div class=\"elementor-element elementor-element-5e4e9efd e-con-full e-flex e-con e-parent\" data-id=\"5e4e9efd\" data-element_type=\"container\" data-e-type=\"container\" data-settings=\"{&quot;background_background&quot;:&quot;classic&quot;}\">\n\t\t<div class=\"elementor-element elementor-element-68e942bf e-con-full e-flex e-con e-child\" data-id=\"68e942bf\" data-element_type=\"container\" data-e-type=\"container\" data-settings=\"{&quot;background_background&quot;:&quot;slideshow&quot;,&quot;background_slideshow_gallery&quot;:[{&quot;id&quot;:&quot;633&quot;,&quot;url&quot;:&quot;https:\\\/\\\/i100anni.com\\\/wp-content\\\/uploads\\\/2024\\\/12\\\/Ueber-uns-10-scaled.jpg&quot;},{&quot;id&quot;:&quot;627&quot;,&quot;url&quot;:&quot;https:\\\/\\\/i100anni.com\\\/wp-content\\\/uploads\\\/2024\\\/12\\\/Ueber-uns-04.jpg&quot;}],&quot;background_slideshow_slide_duration&quot;:&quot;1800&quot;,&quot;background_slideshow_transition_duration&quot;:&quot;2500&quot;,&quot;background_slideshow_lazyload&quot;:&quot;yes&quot;,&quot;background_slideshow_ken_burns&quot;:&quot;yes&quot;,&quot;background_slideshow_loop&quot;:&quot;yes&quot;,&quot;background_slideshow_slide_transition&quot;:&quot;fade&quot;,&quot;background_slideshow_ken_burns_zoom_direction&quot;:&quot;in&quot;}\">\n\t\t\t\t<\/div>\n\t\t<div class=\"elementor-element elementor-element-2cbc8b84 e-con-full e-flex e-con e-child\" data-id=\"2cbc8b84\" data-element_type=\"container\" data-e-type=\"container\" data-settings=\"{&quot;background_background&quot;:&quot;classic&quot;}\">\n\t\t\t\t<div class=\"elementor-element elementor-element-5f1dd111 elementor-invisible elementor-widget elementor-widget-heading\" data-id=\"5f1dd111\" data-element_type=\"widget\" data-e-type=\"widget\" data-settings=\"{&quot;_animation&quot;:&quot;fadeInDown&quot;}\" data-widget_type=\"heading.default\">\n\t\t\t\t<div class=\"elementor-widget-container\">\n\t\t\t\t\t<h2 class=\"elementor-heading-title elementor-size-default\">\"Sicilianit\u00e0\"<\/h2>\t\t\t\t<\/div>\n\t\t\t\t<\/div>\n\t\t\t\t<div class=\"elementor-element elementor-element-d29c644 animated-slow elementor-hidden-mobile elementor-view-default elementor-invisible elementor-widget elementor-widget-icon\" data-id=\"d29c644\" data-element_type=\"widget\" data-e-type=\"widget\" data-settings=\"{&quot;motion_fx_motion_fx_scrolling&quot;:&quot;yes&quot;,&quot;_animation&quot;:&quot;fadeInUp&quot;,&quot;_animation_delay&quot;:&quot;2000&quot;,&quot;motion_fx_devices&quot;:[&quot;desktop&quot;,&quot;laptop&quot;,&quot;tablet&quot;,&quot;mobile&quot;]}\" data-widget_type=\"icon.default\">\n\t\t\t\t<div class=\"elementor-widget-container\">\n\t\t\t\t\t\t\t<div class=\"elementor-icon-wrapper\">\n\t\t\t<a class=\"elementor-icon\" href=\"#about-us\" title=\"Erfahren Sie mehr \u00fcber uns\">\n\t\t\t<svg xmlns=\"http:\/\/www.w3.org\/2000\/svg\" id=\"f25b46f8-6104-47c9-8f1f-d4f0f5a5a4ab\" data-name=\"Layer 1\" viewBox=\"0 0 29.6836 21.0205\"><g id=\"a26fc822-5ffa-4744-a954-69ee883c57fc\" data-name=\"Page-1\"><g id=\"e7225c7b-e0fd-4e80-862e-e0b5dc4817dd\" data-name=\"Homepage\"><g id=\"ff265e74-3d0d-41f0-8578-c6f49acc811d\" data-name=\"Hero-Section\"><g id=\"f51052c6-0c6f-4c17-be34-45f176eaa2d4\" data-name=\"Arrow\"><g id=\"feb9d568-7c65-469c-be1c-4c66f6fe508c\" data-name=\"Group-4\"><g id=\"bc1b2d43-18f4-4c4a-9ddb-f8784f1f793b\" data-name=\"Group-3\"><g id=\"ebcd3d89-a5d2-4028-bcf3-30228da45525\" data-name=\"Path-5\"><polygon points=\"14.63 21.021 0 10.824 0.572 10.004 14.638 19.808 29.123 10 29.684 10.828 14.63 21.021\"><\/polygon><\/g><\/g><g id=\"b8abb5e9-6116-405e-a9bd-8494dc15aaf6\" data-name=\"Group-3-Copy\"><g id=\"b94158a1-d237-43ab-9444-47634c5b7092\" data-name=\"Path-5\"><polygon points=\"14.63 11.021 0 0.824 0.572 0.004 14.638 9.808 29.123 0 29.684 0.828 14.63 11.021\"><\/polygon><\/g><\/g><\/g><\/g><\/g><\/g><\/g><\/svg>\t\t\t<\/a>\n\t\t<\/div>\n\t\t\t\t\t\t<\/div>\n\t\t\t\t<\/div>\n\t\t\t\t<\/div>\n\t\t<div class=\"elementor-element elementor-element-cb13f61 e-con-full e-flex e-con e-child\" data-id=\"cb13f61\" data-element_type=\"container\" data-e-type=\"container\" data-settings=\"{&quot;background_background&quot;:&quot;slideshow&quot;,&quot;background_slideshow_gallery&quot;:[{&quot;id&quot;:&quot;630&quot;,&quot;url&quot;:&quot;https:\\\/\\\/i100anni.com\\\/wp-content\\\/uploads\\\/2024\\\/12\\\/Ueber-uns-07.jpg&quot;},{&quot;id&quot;:&quot;624&quot;,&quot;url&quot;:&quot;https:\\\/\\\/i100anni.com\\\/wp-content\\\/uploads\\\/2024\\\/12\\\/Ueber-uns-01.jpg&quot;}],&quot;background_slideshow_slide_duration&quot;:&quot;1800&quot;,&quot;background_slideshow_transition_duration&quot;:&quot;2500&quot;,&quot;background_slideshow_lazyload&quot;:&quot;yes&quot;,&quot;background_slideshow_ken_burns&quot;:&quot;yes&quot;,&quot;background_slideshow_loop&quot;:&quot;yes&quot;,&quot;background_slideshow_slide_transition&quot;:&quot;fade&quot;,&quot;background_slideshow_ken_burns_zoom_direction&quot;:&quot;in&quot;}\">\n\t\t\t\t<\/div>\n\t\t\t\t<\/div>\n\t\t<main class=\"elementor-element elementor-element-14b2467 e-con-full e-flex e-con e-parent\" data-id=\"14b2467\" data-element_type=\"container\" data-e-type=\"container\" id=\"about-us\" data-settings=\"{&quot;background_background&quot;:&quot;classic&quot;}\">\n\t\t<div class=\"elementor-element elementor-element-dc02d8c e-con-full e-flex e-con e-child\" data-id=\"dc02d8c\" data-element_type=\"container\" data-e-type=\"container\">\n\t\t\t\t<div class=\"elementor-element elementor-element-2150921 elementor-widget__width-initial elementor-widget-tablet__width-inherit elementor-widget elementor-widget-heading\" data-id=\"2150921\" data-element_type=\"widget\" data-e-type=\"widget\" data-widget_type=\"heading.default\">\n\t\t\t\t<div class=\"elementor-widget-container\">\n\t\t\t\t\t<h2 class=\"elementor-heading-title elementor-size-default\">Herzlich Willkommen <\/h2>\t\t\t\t<\/div>\n\t\t\t\t<\/div>\n\t\t\t\t<div class=\"elementor-element elementor-element-21fb8f1 elementor-widget__width-initial elementor-widget-tablet__width-inherit elementor-widget elementor-widget-text-editor\" data-id=\"21fb8f1\" data-element_type=\"widget\" data-e-type=\"widget\" data-widget_type=\"text-editor.default\">\n\t\t\t\t<div class=\"elementor-widget-container\">\n\t\t\t\t\t\t\t\t\t<p>auf unserem Anwesen <strong>\u201ei cent&#8216; anni\u201c<\/strong> sagen Sabina und Patrick Lo Giudice-Kilchenmann. Wir sind ein Sizilianisch-Schweizerisches Ehepaar und haben uns einen Traum erf\u00fcllt: Wir sind 2024 von der Schweiz nach Sizilien ausgewandert und haben in Mastrissa (Castelmola) bei der malerischen Stadt Taormina, die f\u00fcr ihre atemberaubenden Ausblicke und ihre reiche Geschichte bekannt ist, einen v\u00f6llig neuen Lebensabschnitt begonnen.<\/p><p>An einer unvergleichlichen Lage mit einer herrlichen Panorama Sicht, sowohl auf das funkelnde Meer als auch auf den majest\u00e4tischen Vulkan \u00c4tna \u2013 haben wir ein <strong>privates Eventlokal<\/strong> er\u00f6ffnet, welches f\u00fcr verschiedene Anl\u00e4sse gebucht werden kann. Unsere Anlage ist vielseitig und bietet Raum f\u00fcr eine Vielzahl von Veranstaltungen: Live-Musik, die das mediterrane Flair einf\u00e4ngt, inspirierende Kunstausstellungen, sowie Degustationen, bei denen man regionale Delikatessen und Weine geniessen kann.\u00a0<\/p><p>Wir haben einen Ort geschaffen, der nicht nur von der Umgebung, sondern insbesondere auch von der Leidenschaft und Begeisterung der Gastgeber f\u00fcr die sizilianische K\u00fcche, f\u00fcr die Kunst, f\u00fcr die Musik und f\u00fcr die Gastfreundschaft lebt. Kurz: ein Ort als ein Muss f\u00fcr alle, die Taormina und Sizilien besuchen und ein authentisches sizilianisches Erlebnis suchen.<\/p>\t\t\t\t\t\t\t\t<\/div>\n\t\t\t\t<\/div>\n\t\t\t\t<\/div>\n\t\t\t\t<\/main>\n\t\t<div class=\"elementor-element elementor-element-60ba924 e-con-full e-flex e-con e-parent\" data-id=\"60ba924\" data-element_type=\"container\" data-e-type=\"container\">\n\t\t<div class=\"elementor-element elementor-element-da7c6ca e-con-full e-flex e-con e-child\" data-id=\"da7c6ca\" data-element_type=\"container\" data-e-type=\"container\">\n\t\t<div class=\"elementor-element elementor-element-1e65ce7 e-con-full e-flex e-con e-child\" data-id=\"1e65ce7\" data-element_type=\"container\" data-e-type=\"container\" data-settings=\"{&quot;background_background&quot;:&quot;classic&quot;}\">\n\t\t\t\t<div class=\"elementor-element elementor-element-b0704bb elementor-widget elementor-widget-spacer\" data-id=\"b0704bb\" data-element_type=\"widget\" data-e-type=\"widget\" data-widget_type=\"spacer.default\">\n\t\t\t\t<div class=\"elementor-widget-container\">\n\t\t\t\t\t\t\t<div class=\"elementor-spacer\">\n\t\t\t<div class=\"elementor-spacer-inner\"><\/div>\n\t\t<\/div>\n\t\t\t\t\t\t<\/div>\n\t\t\t\t<\/div>\n\t\t\t\t<\/div>\n\t\t<div class=\"elementor-element elementor-element-d6fdb1c e-con-full e-flex e-con e-child\" data-id=\"d6fdb1c\" data-element_type=\"container\" data-e-type=\"container\" data-settings=\"{&quot;background_background&quot;:&quot;classic&quot;}\">\n\t\t\t\t<div class=\"elementor-element elementor-element-c13ce2e elementor-cta--skin-classic elementor-animated-content elementor-bg-transform elementor-bg-transform-zoom-in elementor-widget elementor-widget-call-to-action\" data-id=\"c13ce2e\" data-element_type=\"widget\" data-e-type=\"widget\" data-widget_type=\"call-to-action.default\">\n\t\t\t\t<div class=\"elementor-widget-container\">\n\t\t\t\t\t\t\t<div class=\"elementor-cta\">\n\t\t\t\t\t<div class=\"elementor-cta__bg-wrapper\">\n\t\t\t\t<div class=\"elementor-cta__bg elementor-bg\" style=\"background-image: url(https:\/\/i100anni.com\/wp-content\/uploads\/2024\/12\/Ueber-uns-12-1024x768.jpg);\" role=\"img\" aria-label=\"Ueber-uns-12\"><\/div>\n\t\t\t\t<div class=\"elementor-cta__bg-overlay\"><\/div>\n\t\t\t<\/div>\n\t\t\t\t\t\t\t\t<\/div>\n\t\t\t\t\t\t<\/div>\n\t\t\t\t<\/div>\n\t\t\t\t<\/div>\n\t\t<div class=\"elementor-element elementor-element-06583a6 e-con-full e-flex e-con e-child\" data-id=\"06583a6\" data-element_type=\"container\" data-e-type=\"container\" data-settings=\"{&quot;background_background&quot;:&quot;classic&quot;}\">\n\t\t\t\t<div class=\"elementor-element elementor-element-c0dbea9 elementor-cta--skin-classic elementor-animated-content elementor-bg-transform elementor-bg-transform-zoom-in elementor-widget elementor-widget-call-to-action\" data-id=\"c0dbea9\" data-element_type=\"widget\" data-e-type=\"widget\" data-widget_type=\"call-to-action.default\">\n\t\t\t\t<div class=\"elementor-widget-container\">\n\t\t\t\t\t\t\t<div class=\"elementor-cta\">\n\t\t\t\t\t<div class=\"elementor-cta__bg-wrapper\">\n\t\t\t\t<div class=\"elementor-cta__bg elementor-bg\" style=\"background-image: url(https:\/\/i100anni.com\/wp-content\/uploads\/2024\/12\/Image-Ueber-uns-03-768x1024.jpg);\" role=\"img\" aria-label=\"Image-Ueber-uns-03\"><\/div>\n\t\t\t\t<div class=\"elementor-cta__bg-overlay\"><\/div>\n\t\t\t<\/div>\n\t\t\t\t\t\t\t\t<\/div>\n\t\t\t\t\t\t<\/div>\n\t\t\t\t<\/div>\n\t\t\t\t<\/div>\n\t\t<div class=\"elementor-element elementor-element-0274ce2 e-con-full e-flex e-con e-child\" data-id=\"0274ce2\" data-element_type=\"container\" data-e-type=\"container\" data-settings=\"{&quot;background_background&quot;:&quot;classic&quot;}\">\n\t\t\t\t<div class=\"elementor-element elementor-element-ef5f5b4 elementor-cta--skin-classic elementor-animated-content elementor-bg-transform elementor-bg-transform-zoom-in elementor-widget elementor-widget-call-to-action\" data-id=\"ef5f5b4\" data-element_type=\"widget\" data-e-type=\"widget\" data-widget_type=\"call-to-action.default\">\n\t\t\t\t<div class=\"elementor-widget-container\">\n\t\t\t\t\t\t\t<div class=\"elementor-cta\">\n\t\t\t\t\t<div class=\"elementor-cta__bg-wrapper\">\n\t\t\t\t<div class=\"elementor-cta__bg elementor-bg\" style=\"background-image: url(https:\/\/i100anni.com\/wp-content\/uploads\/2024\/12\/Image-Ueber-uns-01_1-769x1024.jpg);\" role=\"img\" aria-label=\"Image-Ueber-uns-01_1\"><\/div>\n\t\t\t\t<div class=\"elementor-cta__bg-overlay\"><\/div>\n\t\t\t<\/div>\n\t\t\t\t\t\t\t\t<\/div>\n\t\t\t\t\t\t<\/div>\n\t\t\t\t<\/div>\n\t\t\t\t<\/div>\n\t\t<div class=\"elementor-element elementor-element-f328b20 e-con-full e-flex e-con e-child\" data-id=\"f328b20\" data-element_type=\"container\" data-e-type=\"container\" data-settings=\"{&quot;background_background&quot;:&quot;classic&quot;}\">\n\t\t\t\t<div class=\"elementor-element elementor-element-6dc3d28 elementor-widget elementor-widget-spacer\" data-id=\"6dc3d28\" data-element_type=\"widget\" data-e-type=\"widget\" data-widget_type=\"spacer.default\">\n\t\t\t\t<div class=\"elementor-widget-container\">\n\t\t\t\t\t\t\t<div class=\"elementor-spacer\">\n\t\t\t<div class=\"elementor-spacer-inner\"><\/div>\n\t\t<\/div>\n\t\t\t\t\t\t<\/div>\n\t\t\t\t<\/div>\n\t\t\t\t<\/div>\n\t\t\t\t<\/div>\n\t\t\t\t<div class=\"elementor-element elementor-element-6d5b726 elementor-widget__width-auto elementor-fixed elementor-view-default elementor-invisible elementor-widget elementor-widget-icon\" data-id=\"6d5b726\" data-element_type=\"widget\" data-e-type=\"widget\" data-settings=\"{&quot;_position&quot;:&quot;fixed&quot;,&quot;motion_fx_motion_fx_scrolling&quot;:&quot;yes&quot;,&quot;motion_fx_opacity_effect&quot;:&quot;yes&quot;,&quot;motion_fx_opacity_range&quot;:{&quot;unit&quot;:&quot;%&quot;,&quot;size&quot;:&quot;&quot;,&quot;sizes&quot;:{&quot;start&quot;:&quot;10&quot;,&quot;end&quot;:&quot;40&quot;}},&quot;_animation&quot;:&quot;slideInUp&quot;,&quot;motion_fx_opacity_direction&quot;:&quot;out-in&quot;,&quot;motion_fx_opacity_level&quot;:{&quot;unit&quot;:&quot;px&quot;,&quot;size&quot;:10,&quot;sizes&quot;:[]},&quot;motion_fx_devices&quot;:[&quot;desktop&quot;,&quot;laptop&quot;,&quot;tablet&quot;,&quot;mobile&quot;]}\" title=\"go top\" data-widget_type=\"icon.default\">\n\t\t\t\t<div class=\"elementor-widget-container\">\n\t\t\t\t\t\t\t<div class=\"elementor-icon-wrapper\">\n\t\t\t<a class=\"elementor-icon elementor-animation-grow\" href=\"#top\">\n\t\t\t<svg xmlns=\"http:\/\/www.w3.org\/2000\/svg\" xmlns:xlink=\"http:\/\/www.w3.org\/1999\/xlink\" width=\"20\" height=\"20\" viewBox=\"0 0 20 20\"><path fill=\"#000000\" d=\"M9.146 0.646l-6 6c-0.195 0.195-0.195 0.512 0 0.707s0.512 0.195 0.707 0l5.146-5.146v16.293c0 0.276 0.224 0.5 0.5 0.5s0.5-0.224 0.5-0.5v-16.293l5.146 5.146c0.195 0.195 0.512 0.195 0.707 0 0.098-0.098 0.146-0.226 0.146-0.354s-0.049-0.256-0.146-0.354l-6-6c-0.195-0.195-0.512-0.195-0.707 0z\"><\/path><\/svg>\t\t\t<\/a>\n\t\t<\/div>\n\t\t\t\t\t\t<\/div>\n\t\t\t\t<\/div>\n\t\t\t\t<\/div>\n\t\t\t\t<\/div>\n\t\t","protected":false},"excerpt":{"rendered":"<p>&#8222;Sicilianit\u00e0&#8220; Herzlich Willkommen auf unserem Anwesen \u201ei cent&#8216; anni\u201c sagen Sabina und Patrick Lo Giudice-Kilchenmann. Wir sind ein Sizilianisch-Schweizerisches Ehepaar und haben uns einen Traum erf\u00fcllt: Wir sind 2024 von der Schweiz nach Sizilien ausgewandert und haben in Mastrissa (Castelmola) bei der malerischen Stadt Taormina, die f\u00fcr ihre atemberaubenden Ausblicke und ihre reiche Geschichte bekannt [&hellip;]<\/p>\n","protected":false},"author":1,"featured_media":10,"parent":0,"menu_order":1,"comment_status":"closed","ping_status":"closed","template":"","meta":{"footnotes":""},"class_list":["post-110","page","type-page","status-publish","has-post-thumbnail","hentry"],"_links":{"self":[{"href":"https:\/\/i100anni.com\/en\/wp-json\/wp\/v2\/pages\/110","targetHints":{"allow":["GET"]}}],"collection":[{"href":"https:\/\/i100anni.com\/en\/wp-json\/wp\/v2\/pages"}],"about":[{"href":"https:\/\/i100anni.com\/en\/wp-json\/wp\/v2\/types\/page"}],"author":[{"embeddable":true,"href":"https:\/\/i100anni.com\/en\/wp-json\/wp\/v2\/users\/1"}],"replies":[{"embeddable":true,"href":"https:\/\/i100anni.com\/en\/wp-json\/wp\/v2\/comments?post=110"}],"version-history":[{"count":0,"href":"https:\/\/i100anni.com\/en\/wp-json\/wp\/v2\/pages\/110\/revisions"}],"wp:featuredmedia":[{"embeddable":true,"href":"https:\/\/i100anni.com\/en\/wp-json\/wp\/v2\/media\/10"}],"wp:attachment":[{"href":"https:\/\/i100anni.com\/en\/wp-json\/wp\/v2\/media?parent=110"}],"curies":[{"name":"wp","href":"https:\/\/api.w.org\/{rel}","templated":true}]}}