{"id":120,"date":"2024-11-19T19:57:28","date_gmt":"2024-11-19T18:57:28","guid":{"rendered":"https:\/\/i100anni.com\/?page_id=120"},"modified":"2025-12-15T22:15:08","modified_gmt":"2025-12-15T21:15:08","slug":"links","status":"publish","type":"page","link":"https:\/\/i100anni.com\/en\/kontakt\/links\/","title":{"rendered":"Links"},"content":{"rendered":"\t\t<div data-elementor-type=\"wp-page\" data-elementor-id=\"120\" class=\"elementor elementor-120\" data-elementor-post-type=\"page\">\n\t\t\t\t<div class=\"elementor-element elementor-element-2d17feee e-con-full e-flex e-con e-parent\" data-id=\"2d17feee\" data-element_type=\"container\" data-e-type=\"container\" data-settings=\"{&quot;background_background&quot;:&quot;classic&quot;}\">\n\t\t<div class=\"elementor-element elementor-element-4584f122 e-con-full e-flex e-con e-child\" data-id=\"4584f122\" data-element_type=\"container\" data-e-type=\"container\">\n\t\t\t\t<div class=\"elementor-element elementor-element-772f805c elementor-widget elementor-widget-heading\" data-id=\"772f805c\" data-element_type=\"widget\" data-e-type=\"widget\" data-widget_type=\"heading.default\">\n\t\t\t\t<div class=\"elementor-widget-container\">\n\t\t\t\t\t<h1 class=\"elementor-heading-title elementor-size-default\">Links<\/h1>\t\t\t\t<\/div>\n\t\t\t\t<\/div>\n\t\t\t\t<div class=\"elementor-element elementor-element-68dc1891 elementor-widget elementor-widget-heading\" data-id=\"68dc1891\" data-element_type=\"widget\" data-e-type=\"widget\" data-widget_type=\"heading.default\">\n\t\t\t\t<div class=\"elementor-widget-container\">\n\t\t\t\t\t<h3 class=\"elementor-heading-title elementor-size-default\">Hier finden Sie Links zu Websites, die wir pers\u00f6nlich sch\u00e4tzen oder mit denen wir verbunden sind. Viel Spass beim St\u00f6bern!<\/h3>\t\t\t\t<\/div>\n\t\t\t\t<\/div>\n\t\t\t\t<\/div>\n\t\t<div class=\"elementor-element elementor-element-284a9a12 e-con-full e-flex e-con e-child\" data-id=\"284a9a12\" data-element_type=\"container\" data-e-type=\"container\">\n\t\t<div class=\"elementor-element elementor-element-7820af66 e-con-full e-flex e-con e-child\" data-id=\"7820af66\" data-element_type=\"container\" data-e-type=\"container\">\n\t\t\t\t<div class=\"elementor-element elementor-element-8e457ef elementor-widget elementor-widget-heading\" data-id=\"8e457ef\" data-element_type=\"widget\" data-e-type=\"widget\" data-widget_type=\"heading.default\">\n\t\t\t\t<div class=\"elementor-widget-container\">\n\t\t\t\t\t<h2 class=\"elementor-heading-title elementor-size-default\"><a href=\"https:\/\/sabiki.ch\/\" target=\"_blank\" title=\"Link zur Website Sabiki \u2013 Praxis f\u00fcr Naturheilkunde\" rel=\"nofollow noopener\">Sabiki <br>Praxis f\u00fcr Naturheilkunde<\/a><\/h2>\t\t\t\t<\/div>\n\t\t\t\t<\/div>\n\t\t\t\t<\/div>\n\t\t<div class=\"elementor-element elementor-element-47f4751d e-con-full e-flex e-con e-child\" data-id=\"47f4751d\" data-element_type=\"container\" data-e-type=\"container\">\n\t\t\t\t<div class=\"elementor-element elementor-element-a8f0401 elementor-widget elementor-widget-heading\" data-id=\"a8f0401\" data-element_type=\"widget\" data-e-type=\"widget\" data-widget_type=\"heading.default\">\n\t\t\t\t<div class=\"elementor-widget-container\">\n\t\t\t\t\t<h2 class=\"elementor-heading-title elementor-size-default\"><a href=\"https:\/\/plg-official.com\/en\/\" target=\"_blank\" title=\"Link zur Website Patrick Lo Giudice - Enkaustik Artist.\" rel=\"nofollow noopener\">Patrick Lo Giudice<br>Enkaustik Artist.<\/a><\/h2>\t\t\t\t<\/div>\n\t\t\t\t<\/div>\n\t\t\t\t<\/div>\n\t\t<div class=\"elementor-element elementor-element-23a2ca0 e-con-full e-flex e-con e-child\" data-id=\"23a2ca0\" data-element_type=\"container\" data-e-type=\"container\">\n\t\t\t\t<div class=\"elementor-element elementor-element-c6c46d6 elementor-widget elementor-widget-heading\" data-id=\"c6c46d6\" data-element_type=\"widget\" data-e-type=\"widget\" data-widget_type=\"heading.default\">\n\t\t\t\t<div class=\"elementor-widget-container\">\n\t\t\t\t\t<h2 class=\"elementor-heading-title elementor-size-default\"><a href=\"https:\/\/pythongallery.ch\/de\/\" target=\"_blank\" title=\"Link zur Website PYTHONGALLERY - Z\u00fcrich \/ Klosters \/ Andermatt\" rel=\"nofollow noopener\">PYTHONGALLERY<br> Z\u00fcrich \/ Klosters \/ Andermatt<\/a><\/h2>\t\t\t\t<\/div>\n\t\t\t\t<\/div>\n\t\t\t\t<\/div>\n\t\t<div class=\"elementor-element elementor-element-ec0d146 e-con-full e-flex e-con e-child\" data-id=\"ec0d146\" data-element_type=\"container\" data-e-type=\"container\">\n\t\t\t\t<div class=\"elementor-element elementor-element-a3ab0b3 elementor-widget elementor-widget-heading\" data-id=\"a3ab0b3\" data-element_type=\"widget\" data-e-type=\"widget\" data-widget_type=\"heading.default\">\n\t\t\t\t<div class=\"elementor-widget-container\">\n\t\t\t\t\t<h2 class=\"elementor-heading-title elementor-size-default\"><a href=\"https:\/\/www.petrafuchs.ch\/\" target=\"_blank\" title=\"Link zur Website Petra Fuchs Couture\" rel=\"nofollow noopener\">Petra Fuchs Couture<\/a><\/h2>\t\t\t\t<\/div>\n\t\t\t\t<\/div>\n\t\t\t\t<\/div>\n\t\t<div class=\"elementor-element elementor-element-fb31428 e-con-full e-flex e-con e-child\" data-id=\"fb31428\" data-element_type=\"container\" data-e-type=\"container\">\n\t\t\t\t<div class=\"elementor-element elementor-element-707f199 elementor-widget elementor-widget-heading\" data-id=\"707f199\" data-element_type=\"widget\" data-e-type=\"widget\" data-widget_type=\"heading.default\">\n\t\t\t\t<div class=\"elementor-widget-container\">\n\t\t\t\t\t<h2 class=\"elementor-heading-title elementor-size-default\"><a href=\"https:\/\/www.helvetia.ch\/urs-bachmann\" target=\"_blank\" title=\"Link zur Website Helvetia Versicherungen Urs Bachmann\" rel=\"nofollow noopener\">Urs Bachmann<br>Helvetia Versicherungen<\/a><\/h2>\t\t\t\t<\/div>\n\t\t\t\t<\/div>\n\t\t\t\t<\/div>\n\t\t<div class=\"elementor-element elementor-element-6d1dd05c e-con-full e-flex e-con e-child\" data-id=\"6d1dd05c\" data-element_type=\"container\" data-e-type=\"container\">\n\t\t\t\t<div class=\"elementor-element elementor-element-8a4aeb4 elementor-widget elementor-widget-heading\" data-id=\"8a4aeb4\" data-element_type=\"widget\" data-e-type=\"widget\" data-widget_type=\"heading.default\">\n\t\t\t\t<div class=\"elementor-widget-container\">\n\t\t\t\t\t<h2 class=\"elementor-heading-title elementor-size-default\"><a href=\"https:\/\/www.paradisealcantara.com\/\" target=\"_blank\" title=\"Link zur Website RISTORANTE PARADISE S.R.L.\" rel=\"nofollow noopener\">RISTORANTE PARADISE S.R.L.<\/a><\/h2>\t\t\t\t<\/div>\n\t\t\t\t<\/div>\n\t\t\t\t<\/div>\n\t\t\t\t<div class=\"elementor-element elementor-element-542de57 elementor-widget__width-auto elementor-fixed elementor-view-default elementor-invisible elementor-widget elementor-widget-icon\" data-id=\"542de57\" data-element_type=\"widget\" data-e-type=\"widget\" data-settings=\"{&quot;_position&quot;:&quot;fixed&quot;,&quot;motion_fx_motion_fx_scrolling&quot;:&quot;yes&quot;,&quot;motion_fx_opacity_effect&quot;:&quot;yes&quot;,&quot;motion_fx_opacity_range&quot;:{&quot;unit&quot;:&quot;%&quot;,&quot;size&quot;:&quot;&quot;,&quot;sizes&quot;:{&quot;start&quot;:10,&quot;end&quot;:40}},&quot;_animation&quot;:&quot;slideInUp&quot;,&quot;motion_fx_opacity_direction&quot;:&quot;out-in&quot;,&quot;motion_fx_opacity_level&quot;:{&quot;unit&quot;:&quot;px&quot;,&quot;size&quot;:10,&quot;sizes&quot;:[]},&quot;motion_fx_devices&quot;:[&quot;desktop&quot;,&quot;laptop&quot;,&quot;tablet&quot;,&quot;mobile&quot;]}\" title=\"go top\" data-widget_type=\"icon.default\">\n\t\t\t\t<div class=\"elementor-widget-container\">\n\t\t\t\t\t\t\t<div class=\"elementor-icon-wrapper\">\n\t\t\t<a class=\"elementor-icon elementor-animation-grow\" href=\"#top\">\n\t\t\t<svg xmlns=\"http:\/\/www.w3.org\/2000\/svg\" xmlns:xlink=\"http:\/\/www.w3.org\/1999\/xlink\" width=\"20\" height=\"20\" viewBox=\"0 0 20 20\"><path fill=\"#000000\" d=\"M9.146 0.646l-6 6c-0.195 0.195-0.195 0.512 0 0.707s0.512 0.195 0.707 0l5.146-5.146v16.293c0 0.276 0.224 0.5 0.5 0.5s0.5-0.224 0.5-0.5v-16.293l5.146 5.146c0.195 0.195 0.512 0.195 0.707 0 0.098-0.098 0.146-0.226 0.146-0.354s-0.049-0.256-0.146-0.354l-6-6c-0.195-0.195-0.512-0.195-0.707 0z\"><\/path><\/svg>\t\t\t<\/a>\n\t\t<\/div>\n\t\t\t\t\t\t<\/div>\n\t\t\t\t<\/div>\n\t\t<div class=\"elementor-element elementor-element-4a86b1e e-con-full e-flex e-con e-child\" data-id=\"4a86b1e\" data-element_type=\"container\" data-e-type=\"container\">\n\t\t\t\t<div class=\"elementor-element elementor-element-e7b8581 elementor-widget elementor-widget-heading\" data-id=\"e7b8581\" data-element_type=\"widget\" data-e-type=\"widget\" data-widget_type=\"heading.default\">\n\t\t\t\t<div class=\"elementor-widget-container\">\n\t\t\t\t\t<h2 class=\"elementor-heading-title elementor-size-default\"><a href=\"https:\/\/www.suonatorimediterranei.it\/\" target=\"_blank\" title=\"Link zur Website I Suonatori - Giuseppe e Gianni\" rel=\"nofollow noopener\">I Suonatori - Giuseppe e Gianni<\/a><\/h2>\t\t\t\t<\/div>\n\t\t\t\t<\/div>\n\t\t\t\t<\/div>\n\t\t<div class=\"elementor-element elementor-element-7e994e2 e-con-full e-flex e-con e-child\" data-id=\"7e994e2\" data-element_type=\"container\" data-e-type=\"container\">\n\t\t\t\t<div class=\"elementor-element elementor-element-008306b elementor-widget elementor-widget-heading\" data-id=\"008306b\" data-element_type=\"widget\" data-e-type=\"widget\" data-widget_type=\"heading.default\">\n\t\t\t\t<div class=\"elementor-widget-container\">\n\t\t\t\t\t<h2 class=\"elementor-heading-title elementor-size-default\"><a href=\"https:\/\/www.casanicloditaormina.it\/\" target=\"_blank\" title=\"Link zur Website Casa Niclodi - Taormina  Restaurant\" rel=\"nofollow noopener\">Casa Niclodi - Taormina  Restaurant<\/a><\/h2>\t\t\t\t<\/div>\n\t\t\t\t<\/div>\n\t\t\t\t<\/div>\n\t\t<div class=\"elementor-element elementor-element-56ff670 e-con-full e-flex e-con e-child\" data-id=\"56ff670\" data-element_type=\"container\" data-e-type=\"container\">\n\t\t\t\t<div class=\"elementor-element elementor-element-11dfb09 elementor-widget elementor-widget-heading\" data-id=\"11dfb09\" data-element_type=\"widget\" data-e-type=\"widget\" data-widget_type=\"heading.default\">\n\t\t\t\t<div class=\"elementor-widget-container\">\n\t\t\t\t\t<h2 class=\"elementor-heading-title elementor-size-default\"><a href=\"https:\/\/www.lowcostsicilia.it\/it\/immobili\/villa\/castelmola\/casa-d%C3%B9-rumanu-taormina\" target=\"_blank\" title=\"Link A casa d\u00f9 Rumanu - Taormina\" rel=\"nofollow noopener\">A casa d\u00f9 Rumanu - Taormina<\/a><\/h2>\t\t\t\t<\/div>\n\t\t\t\t<\/div>\n\t\t\t\t<\/div>\n\t\t<div class=\"elementor-element elementor-element-a213e4e e-con-full e-flex e-con e-child\" data-id=\"a213e4e\" data-element_type=\"container\" data-e-type=\"container\">\n\t\t\t\t<div class=\"elementor-element elementor-element-2a59eef elementor-widget elementor-widget-heading\" data-id=\"2a59eef\" data-element_type=\"widget\" data-e-type=\"widget\" data-widget_type=\"heading.default\">\n\t\t\t\t<div class=\"elementor-widget-container\">\n\t\t\t\t\t<h2 class=\"elementor-heading-title elementor-size-default\"><a href=\"https:\/\/www.herzblut-vintage.ch\/\" target=\"_blank\" title=\"Link zur Website Herzblut Vintage Fashion\" rel=\"nofollow noopener\">Herzblut Vintage Fashion<\/a><\/h2>\t\t\t\t<\/div>\n\t\t\t\t<\/div>\n\t\t\t\t<\/div>\n\t\t<div class=\"elementor-element elementor-element-5a15cc2 e-con-full e-flex e-con e-child\" data-id=\"5a15cc2\" data-element_type=\"container\" data-e-type=\"container\">\n\t\t\t\t<div class=\"elementor-element elementor-element-8836ac2 elementor-widget elementor-widget-heading\" data-id=\"8836ac2\" data-element_type=\"widget\" data-e-type=\"widget\" data-widget_type=\"heading.default\">\n\t\t\t\t<div class=\"elementor-widget-container\">\n\t\t\t\t\t<h2 class=\"elementor-heading-title elementor-size-default\"><a href=\"https:\/\/www.leben-fuer-streuner.com\/\" target=\"_blank\" title=\"Link zur Website Hilfe f\u00fcr Italiens Streuner\" rel=\"nofollow noopener\">Hilfe f\u00fcr Italiens Streuner<\/a><\/h2>\t\t\t\t<\/div>\n\t\t\t\t<\/div>\n\t\t\t\t<\/div>\n\t\t<div class=\"elementor-element elementor-element-7a0195b e-con-full e-flex e-con e-child\" data-id=\"7a0195b\" data-element_type=\"container\" data-e-type=\"container\">\n\t\t\t\t<div class=\"elementor-element elementor-element-7fcbaf7 elementor-widget elementor-widget-heading\" data-id=\"7fcbaf7\" data-element_type=\"widget\" data-e-type=\"widget\" data-widget_type=\"heading.default\">\n\t\t\t\t<div class=\"elementor-widget-container\">\n\t\t\t\t\t<h2 class=\"elementor-heading-title elementor-size-default\"><a href=\"http:\/\/www.bardinos-sos-deutschland.org\/\" target=\"_blank\" title=\"Link zur Website Bardinos SOS Deutschland e.V. - der Verein\" rel=\"nofollow noopener\">Bardinos SOS Deutschland e.V. - der Verein<\/a><\/h2>\t\t\t\t<\/div>\n\t\t\t\t<\/div>\n\t\t\t\t<\/div>\n\t\t<div class=\"elementor-element elementor-element-4b323f0 e-con-full e-flex e-con e-child\" data-id=\"4b323f0\" data-element_type=\"container\" data-e-type=\"container\">\n\t\t\t\t<div class=\"elementor-element elementor-element-623237c elementor-widget elementor-widget-heading\" data-id=\"623237c\" data-element_type=\"widget\" data-e-type=\"widget\" data-widget_type=\"heading.default\">\n\t\t\t\t<div class=\"elementor-widget-container\">\n\t\t\t\t\t<h2 class=\"elementor-heading-title elementor-size-default\"><a href=\"https:\/\/nicolas-kreutter.com\/auswandern-nach-italien-sizilien\/\" target=\"_blank\" title=\"Link zur Website Einfach aussteigen\" rel=\"nofollow noopener\">Einfach aussteigen - Nicolas Kreutter<\/a><\/h2>\t\t\t\t<\/div>\n\t\t\t\t<\/div>\n\t\t\t\t<\/div>\n\t\t<div class=\"elementor-element elementor-element-0cfaea6 e-con-full e-flex e-con e-child\" data-id=\"0cfaea6\" data-element_type=\"container\" data-e-type=\"container\">\n\t\t\t\t<div class=\"elementor-element elementor-element-be599c7 elementor-widget elementor-widget-heading\" data-id=\"be599c7\" data-element_type=\"widget\" data-e-type=\"widget\" data-widget_type=\"heading.default\">\n\t\t\t\t<div class=\"elementor-widget-container\">\n\t\t\t\t\t<h2 class=\"elementor-heading-title elementor-size-default\"><a href=\"https:\/\/tierheim-linth.ch\/\" target=\"_blank\" title=\"Link zur Website Tierheim Linth\" rel=\"nofollow noopener\">Tierheim Linth<\/a><\/h2>\t\t\t\t<\/div>\n\t\t\t\t<\/div>\n\t\t\t\t<\/div>\n\t\t\t\t<\/div>\n\t\t\t\t<\/div>\n\t\t\t\t<\/div>\n\t\t","protected":false},"excerpt":{"rendered":"<p>Hier finden Sie Links zu Websites, die wir pers\u00f6nlich sch\u00e4tzen oder mit denen wir verbunden sind. Viel Spass beim St\u00f6bern! Sabiki Praxis f\u00fcr Naturheilkunde Patrick Lo GiudiceEnkaustik Artist. PYTHONGALLERY Z\u00fcrich \/ Klosters \/ Andermatt Petra Fuchs Couture Urs BachmannHelvetia Versicherungen RISTORANTE PARADISE S.R.L. I Suonatori &#8211; Giuseppe e Gianni Casa Niclodi &#8211; Taormina Restaurant A [&hellip;]<\/p>\n","protected":false},"author":1,"featured_media":9,"parent":118,"menu_order":3,"comment_status":"closed","ping_status":"closed","template":"","meta":{"footnotes":""},"class_list":["post-120","page","type-page","status-publish","has-post-thumbnail","hentry"],"_links":{"self":[{"href":"https:\/\/i100anni.com\/en\/wp-json\/wp\/v2\/pages\/120","targetHints":{"allow":["GET"]}}],"collection":[{"href":"https:\/\/i100anni.com\/en\/wp-json\/wp\/v2\/pages"}],"about":[{"href":"https:\/\/i100anni.com\/en\/wp-json\/wp\/v2\/types\/page"}],"author":[{"embeddable":true,"href":"https:\/\/i100anni.com\/en\/wp-json\/wp\/v2\/users\/1"}],"replies":[{"embeddable":true,"href":"https:\/\/i100anni.com\/en\/wp-json\/wp\/v2\/comments?post=120"}],"version-history":[{"count":0,"href":"https:\/\/i100anni.com\/en\/wp-json\/wp\/v2\/pages\/120\/revisions"}],"up":[{"embeddable":true,"href":"https:\/\/i100anni.com\/en\/wp-json\/wp\/v2\/pages\/118"}],"wp:featuredmedia":[{"embeddable":true,"href":"https:\/\/i100anni.com\/en\/wp-json\/wp\/v2\/media\/9"}],"wp:attachment":[{"href":"https:\/\/i100anni.com\/en\/wp-json\/wp\/v2\/media?parent=120"}],"curies":[{"name":"wp","href":"https:\/\/api.w.org\/{rel}","templated":true}]}}