{"id":2203,"date":"2024-12-23T20:03:59","date_gmt":"2024-12-23T19:03:59","guid":{"rendered":"https:\/\/i100anni.com\/?page_id=2203"},"modified":"2026-03-25T20:01:40","modified_gmt":"2026-03-25T19:01:40","slug":"unsere-olivenbaeume","status":"publish","type":"page","link":"https:\/\/i100anni.com\/en\/unsere-angebote\/unsere-olivenbaeume\/","title":{"rendered":"Unsere Olivenb\u00e4ume"},"content":{"rendered":"\t\t<div data-elementor-type=\"wp-page\" data-elementor-id=\"2203\" class=\"elementor elementor-2203\" data-elementor-post-type=\"page\">\n\t\t\t\t<main class=\"elementor-element elementor-element-aef2911 e-flex e-con-boxed e-con e-parent\" data-id=\"aef2911\" data-element_type=\"container\" data-e-type=\"container\" data-settings=\"{&quot;background_background&quot;:&quot;classic&quot;}\">\n\t\t\t\t\t<div class=\"e-con-inner\">\n\t\t<div class=\"elementor-element elementor-element-4dfd700 e-con-full e-flex e-con e-child\" data-id=\"4dfd700\" data-element_type=\"container\" data-e-type=\"container\">\n\t\t\t\t<div class=\"elementor-element elementor-element-2ddea90 elementor-widget__width-initial elementor-widget-tablet__width-inherit elementor-widget elementor-widget-heading\" data-id=\"2ddea90\" data-element_type=\"widget\" data-e-type=\"widget\" data-widget_type=\"heading.default\">\n\t\t\t\t<div class=\"elementor-widget-container\">\n\t\t\t\t\t<h2 class=\"elementor-heading-title elementor-size-default\">Unsere Olivenb\u00e4ume<\/h2>\t\t\t\t<\/div>\n\t\t\t\t<\/div>\n\t\t\t\t<div class=\"elementor-element elementor-element-d8274c3 elementor-widget__width-initial elementor-widget-tablet__width-inherit elementor-widget elementor-widget-text-editor\" data-id=\"d8274c3\" data-element_type=\"widget\" data-e-type=\"widget\" data-widget_type=\"text-editor.default\">\n\t\t\t\t<div class=\"elementor-widget-container\">\n\t\t\t\t\t\t\t\t\t<h4>Ein St\u00fcck sizilianische Tradition<\/h4><p>Das Herz Siziliens in einer Flasche!<\/p><p>Wir sind stolz auf unsere Jahrhundertealten Olivenb\u00e4ume, die uns mit ihrem wertvollen \u00d6l beschenken. Jeder Tropfen erz\u00e4hlt eine Geschichte &#8211; von uralten B\u00e4umen, warmem Wind und H\u00e4nden, die mit Liebe ernten, zum Wohl der Region in der wir leben und der Menschen die sie tragen.\u00a0<\/p><p>Unser <b>Oliven\u00f6l <\/b>wird mit grosser Sorgfalt hergestellt:\u00a0<\/p><ul><li><strong>Handgepfl\u00fcckt!<br \/><\/strong>Jede Olive wird von Hand vom Baum ohne Maschinen geerntet, um die h\u00f6chste Qualit\u00e4t zu gew\u00e4hrleisten.<\/li><li><strong>Kalt gepresst!<br \/><\/strong>Das \u00d6l wird direkt nach der Ernte kalt gepresst, um all seine wertvollen Inhaltsstoffe zu bewahren.<\/li><li><strong>Nativ!<br \/><\/strong>Ein unverf\u00e4lschtes Geschmackserlebnis \u2013 gr\u00fcn, fruchtig, intensiv.<\/li><\/ul><p>Unsere limitierte Auflage ist jedes Jahr frisch und wird mit viel Liebe und Hingabe produziert.\u00a0<\/p><p><span style=\"color: #800000\"><strong>i cent&#8216; anni Oliven\u00f6l \u2013 Tradition und Genuss vereint.<\/strong><\/span><\/p><p><strong>Preis CHF 23.- pro 500 ml Flasche Oliven\u00f6l, zertifiziert und etikettiert\u00a0 \u00a0 \u00a0 \u00a0 \u00a0 \u00a0 \u00a0 \u00a0 \u00a0 <\/strong>Unser Kontakt in der Schweiz:\u00a0 Nadine Berger, Bubendorf\u00a0 \u00a0 Tel: 076 383 91 00\u00a0<\/p><p><strong>M\u00f6chten Sie dabei sein?<\/strong><\/p><p><strong>Ein ganz besonderes Erlebnis:<\/strong> Helfen Sie im Herbst bei unserer Olivenernte!<br \/>Die Olivenernte bei uns ist mehr als nur Arbeit \u2013 sie ist ein einzigartiges, geselliges Erlebnis, das Natur, Tradition und Gemeinschaft mit gemeinsamem Essen verbindet.<\/p><p>Tauchen Sie ein in die Welt der Oliven, lernen Sie die traditionelle Ernte kennen und geniessen Sie die mediterrane Atmosph\u00e4re. Es ist die perfekte Gelegenheit, die Natur hautnah zu erleben und Teil unseres Projekts zu werden.<\/p><p><strong>Interesse?<\/strong><br \/>Kontaktieren Sie uns gerne f\u00fcr weitere Informationen \u00fcber unser \u00d6l oder zur Teilnahme an der Olivenernte. Wir freuen uns, von Ihnen zu h\u00f6ren!<\/p><p>\u00a0<\/p><p><strong><a href=\"https:\/\/i100anni.com\/kontakt\/kontaktformular\/\">Das Angebot interessiert mich<\/a><br \/><\/strong><\/p>\t\t\t\t\t\t\t\t<\/div>\n\t\t\t\t<\/div>\n\t\t\t\t<\/div>\n\t\t\t\t\t<\/div>\n\t\t\t\t<\/main>\n\t\t<div class=\"elementor-element elementor-element-7750739 e-con-full e-flex e-con e-parent\" data-id=\"7750739\" data-element_type=\"container\" data-e-type=\"container\">\n\t\t<div class=\"elementor-element elementor-element-c9d264f e-con-full e-flex e-con e-child\" data-id=\"c9d264f\" data-element_type=\"container\" data-e-type=\"container\">\n\t\t<div class=\"elementor-element elementor-element-2d7233a e-con-full e-flex e-con e-child\" data-id=\"2d7233a\" data-element_type=\"container\" data-e-type=\"container\" data-settings=\"{&quot;background_background&quot;:&quot;classic&quot;}\">\n\t\t\t\t<div class=\"elementor-element elementor-element-ec4c13b elementor-widget elementor-widget-spacer\" data-id=\"ec4c13b\" data-element_type=\"widget\" data-e-type=\"widget\" data-widget_type=\"spacer.default\">\n\t\t\t\t<div class=\"elementor-widget-container\">\n\t\t\t\t\t\t\t<div class=\"elementor-spacer\">\n\t\t\t<div class=\"elementor-spacer-inner\"><\/div>\n\t\t<\/div>\n\t\t\t\t\t\t<\/div>\n\t\t\t\t<\/div>\n\t\t\t\t<\/div>\n\t\t<div class=\"elementor-element elementor-element-91c1ac0 e-con-full e-flex e-con e-child\" data-id=\"91c1ac0\" data-element_type=\"container\" data-e-type=\"container\" data-settings=\"{&quot;background_background&quot;:&quot;classic&quot;}\">\n\t\t\t\t<div class=\"elementor-element elementor-element-09070c6 elementor-cta--skin-classic elementor-animated-content elementor-bg-transform elementor-bg-transform-zoom-in elementor-widget elementor-widget-call-to-action\" data-id=\"09070c6\" data-element_type=\"widget\" data-e-type=\"widget\" data-widget_type=\"call-to-action.default\">\n\t\t\t\t<div class=\"elementor-widget-container\">\n\t\t\t\t\t\t\t<div class=\"elementor-cta\">\n\t\t\t\t\t<div class=\"elementor-cta__bg-wrapper\">\n\t\t\t\t<div class=\"elementor-cta__bg elementor-bg\" style=\"background-image: url(https:\/\/i100anni.com\/wp-content\/uploads\/2024\/12\/Unsere-Olivenbaeume-02-768x1024.jpg);\" role=\"img\" aria-label=\"Unsere-Olivenbaeume-02\"><\/div>\n\t\t\t\t<div class=\"elementor-cta__bg-overlay\"><\/div>\n\t\t\t<\/div>\n\t\t\t\t\t\t\t\t<\/div>\n\t\t\t\t\t\t<\/div>\n\t\t\t\t<\/div>\n\t\t\t\t<\/div>\n\t\t<div class=\"elementor-element elementor-element-82d1e24 e-con-full e-flex e-con e-child\" data-id=\"82d1e24\" data-element_type=\"container\" data-e-type=\"container\" data-settings=\"{&quot;background_background&quot;:&quot;classic&quot;}\">\n\t\t\t\t<div class=\"elementor-element elementor-element-417dc1e elementor-cta--skin-classic elementor-animated-content elementor-bg-transform elementor-bg-transform-zoom-in elementor-widget elementor-widget-call-to-action\" data-id=\"417dc1e\" data-element_type=\"widget\" data-e-type=\"widget\" data-widget_type=\"call-to-action.default\">\n\t\t\t\t<div class=\"elementor-widget-container\">\n\t\t\t\t\t\t\t<div class=\"elementor-cta\">\n\t\t\t\t\t<div class=\"elementor-cta__bg-wrapper\">\n\t\t\t\t<div class=\"elementor-cta__bg elementor-bg\" style=\"background-image: url(https:\/\/i100anni.com\/wp-content\/uploads\/2024\/12\/Unsere-Olivenbaeume-03-768x1024.jpg);\" role=\"img\" aria-label=\"Unsere-Olivenbaeume-03\"><\/div>\n\t\t\t\t<div class=\"elementor-cta__bg-overlay\"><\/div>\n\t\t\t<\/div>\n\t\t\t\t\t\t\t\t<\/div>\n\t\t\t\t\t\t<\/div>\n\t\t\t\t<\/div>\n\t\t\t\t<\/div>\n\t\t<div class=\"elementor-element elementor-element-186e876 e-con-full e-flex e-con e-child\" data-id=\"186e876\" data-element_type=\"container\" data-e-type=\"container\" data-settings=\"{&quot;background_background&quot;:&quot;classic&quot;}\">\n\t\t\t\t<div class=\"elementor-element elementor-element-e50fc8e elementor-cta--skin-classic elementor-animated-content elementor-bg-transform elementor-bg-transform-zoom-in elementor-widget elementor-widget-call-to-action\" data-id=\"e50fc8e\" data-element_type=\"widget\" data-e-type=\"widget\" data-widget_type=\"call-to-action.default\">\n\t\t\t\t<div class=\"elementor-widget-container\">\n\t\t\t\t\t\t\t<div class=\"elementor-cta\">\n\t\t\t\t\t<div class=\"elementor-cta__bg-wrapper\">\n\t\t\t\t<div class=\"elementor-cta__bg elementor-bg\" style=\"background-image: url(https:\/\/i100anni.com\/wp-content\/uploads\/2024\/12\/Unsere-Olivenbaeume-01-768x1024.jpg);\" role=\"img\" aria-label=\"Unsere-Olivenbaeume-01\"><\/div>\n\t\t\t\t<div class=\"elementor-cta__bg-overlay\"><\/div>\n\t\t\t<\/div>\n\t\t\t\t\t\t\t\t<\/div>\n\t\t\t\t\t\t<\/div>\n\t\t\t\t<\/div>\n\t\t\t\t<\/div>\n\t\t<div class=\"elementor-element elementor-element-7e50ab2 e-con-full e-flex e-con e-child\" data-id=\"7e50ab2\" data-element_type=\"container\" data-e-type=\"container\" data-settings=\"{&quot;background_background&quot;:&quot;classic&quot;}\">\n\t\t\t\t<div class=\"elementor-element elementor-element-297950f elementor-widget elementor-widget-spacer\" data-id=\"297950f\" data-element_type=\"widget\" data-e-type=\"widget\" data-widget_type=\"spacer.default\">\n\t\t\t\t<div class=\"elementor-widget-container\">\n\t\t\t\t\t\t\t<div class=\"elementor-spacer\">\n\t\t\t<div class=\"elementor-spacer-inner\"><\/div>\n\t\t<\/div>\n\t\t\t\t\t\t<\/div>\n\t\t\t\t<\/div>\n\t\t\t\t<\/div>\n\t\t\t\t<\/div>\n\t\t\t\t<div class=\"elementor-element elementor-element-5ce47e1 elementor-widget__width-auto elementor-fixed elementor-view-default elementor-invisible elementor-widget elementor-widget-icon\" data-id=\"5ce47e1\" data-element_type=\"widget\" data-e-type=\"widget\" data-settings=\"{&quot;_position&quot;:&quot;fixed&quot;,&quot;motion_fx_motion_fx_scrolling&quot;:&quot;yes&quot;,&quot;motion_fx_opacity_effect&quot;:&quot;yes&quot;,&quot;motion_fx_opacity_range&quot;:{&quot;unit&quot;:&quot;%&quot;,&quot;size&quot;:&quot;&quot;,&quot;sizes&quot;:{&quot;start&quot;:&quot;10&quot;,&quot;end&quot;:&quot;40&quot;}},&quot;_animation&quot;:&quot;slideInUp&quot;,&quot;motion_fx_opacity_direction&quot;:&quot;out-in&quot;,&quot;motion_fx_opacity_level&quot;:{&quot;unit&quot;:&quot;px&quot;,&quot;size&quot;:10,&quot;sizes&quot;:[]},&quot;motion_fx_devices&quot;:[&quot;desktop&quot;,&quot;laptop&quot;,&quot;tablet&quot;,&quot;mobile&quot;]}\" title=\"go top\" data-widget_type=\"icon.default\">\n\t\t\t\t<div class=\"elementor-widget-container\">\n\t\t\t\t\t\t\t<div class=\"elementor-icon-wrapper\">\n\t\t\t<a class=\"elementor-icon elementor-animation-grow\" href=\"#top\">\n\t\t\t<svg xmlns=\"http:\/\/www.w3.org\/2000\/svg\" xmlns:xlink=\"http:\/\/www.w3.org\/1999\/xlink\" width=\"20\" height=\"20\" viewBox=\"0 0 20 20\"><path fill=\"#000000\" d=\"M9.146 0.646l-6 6c-0.195 0.195-0.195 0.512 0 0.707s0.512 0.195 0.707 0l5.146-5.146v16.293c0 0.276 0.224 0.5 0.5 0.5s0.5-0.224 0.5-0.5v-16.293l5.146 5.146c0.195 0.195 0.512 0.195 0.707 0 0.098-0.098 0.146-0.226 0.146-0.354s-0.049-0.256-0.146-0.354l-6-6c-0.195-0.195-0.512-0.195-0.707 0z\"><\/path><\/svg>\t\t\t<\/a>\n\t\t<\/div>\n\t\t\t\t\t\t<\/div>\n\t\t\t\t<\/div>\n\t\t\t\t<\/div>\n\t\t\t\t<\/div>\n\t\t","protected":false},"excerpt":{"rendered":"<p>Ein St\u00fcck sizilianische Tradition Das Herz Siziliens in einer Flasche! Wir sind stolz auf unsere Jahrhundertealten Olivenb\u00e4ume, die uns mit ihrem wertvollen \u00d6l beschenken. Jeder Tropfen erz\u00e4hlt eine Geschichte &#8211; von uralten B\u00e4umen, warmem Wind und H\u00e4nden, die mit Liebe ernten, zum Wohl der Region in der wir leben und der Menschen die sie tragen.\u00a0 [&hellip;]<\/p>\n","protected":false},"author":1,"featured_media":2207,"parent":114,"menu_order":5,"comment_status":"closed","ping_status":"closed","template":"","meta":{"footnotes":""},"class_list":["post-2203","page","type-page","status-publish","has-post-thumbnail","hentry"],"_links":{"self":[{"href":"https:\/\/i100anni.com\/en\/wp-json\/wp\/v2\/pages\/2203","targetHints":{"allow":["GET"]}}],"collection":[{"href":"https:\/\/i100anni.com\/en\/wp-json\/wp\/v2\/pages"}],"about":[{"href":"https:\/\/i100anni.com\/en\/wp-json\/wp\/v2\/types\/page"}],"author":[{"embeddable":true,"href":"https:\/\/i100anni.com\/en\/wp-json\/wp\/v2\/users\/1"}],"replies":[{"embeddable":true,"href":"https:\/\/i100anni.com\/en\/wp-json\/wp\/v2\/comments?post=2203"}],"version-history":[{"count":0,"href":"https:\/\/i100anni.com\/en\/wp-json\/wp\/v2\/pages\/2203\/revisions"}],"up":[{"embeddable":true,"href":"https:\/\/i100anni.com\/en\/wp-json\/wp\/v2\/pages\/114"}],"wp:featuredmedia":[{"embeddable":true,"href":"https:\/\/i100anni.com\/en\/wp-json\/wp\/v2\/media\/2207"}],"wp:attachment":[{"href":"https:\/\/i100anni.com\/en\/wp-json\/wp\/v2\/media?parent=2203"}],"curies":[{"name":"wp","href":"https:\/\/api.w.org\/{rel}","templated":true}]}}