{"id":700,"date":"2024-12-13T20:34:00","date_gmt":"2024-12-13T19:34:00","guid":{"rendered":"https:\/\/i100anni.com\/?page_id=700"},"modified":"2025-01-03T18:31:43","modified_gmt":"2025-01-03T17:31:43","slug":"la-notte-del-padrino","status":"publish","type":"page","link":"https:\/\/i100anni.com\/en\/unsere-angebote\/la-notte-del-padrino\/","title":{"rendered":"La notte del padrino"},"content":{"rendered":"\t\t<div data-elementor-type=\"wp-page\" data-elementor-id=\"700\" class=\"elementor elementor-700\" data-elementor-post-type=\"page\">\n\t\t\t\t<main class=\"elementor-element elementor-element-57246de e-flex e-con-boxed e-con e-parent\" data-id=\"57246de\" data-element_type=\"container\" data-e-type=\"container\" id=\"top\" data-settings=\"{&quot;background_background&quot;:&quot;classic&quot;}\">\n\t\t\t\t\t<div class=\"e-con-inner\">\n\t\t<div class=\"elementor-element elementor-element-e2bc0f0 e-con-full e-flex e-con e-child\" data-id=\"e2bc0f0\" data-element_type=\"container\" data-e-type=\"container\">\n\t\t\t\t<div class=\"elementor-element elementor-element-9e60648 elementor-widget__width-initial elementor-widget-tablet__width-inherit elementor-widget elementor-widget-heading\" data-id=\"9e60648\" data-element_type=\"widget\" data-e-type=\"widget\" data-widget_type=\"heading.default\">\n\t\t\t\t<div class=\"elementor-widget-container\">\n\t\t\t\t\t<h2 class=\"elementor-heading-title elementor-size-default\">La notte del padrino<\/h2>\t\t\t\t<\/div>\n\t\t\t\t<\/div>\n\t\t\t\t<div class=\"elementor-element elementor-element-71eb754 elementor-widget__width-initial elementor-widget-tablet__width-inherit elementor-widget elementor-widget-text-editor\" data-id=\"71eb754\" data-element_type=\"widget\" data-e-type=\"widget\" data-widget_type=\"text-editor.default\">\n\t\t\t\t<div class=\"elementor-widget-container\">\n\t\t\t\t\t\t\t\t\t<p><strong>\u00abLa notte del padrino\u00bb<\/strong> ist ein Degustationsessen, das die G\u00e4ste auf eine unvergessliche kulinarische Genussreise durch die unvergleichliche K\u00fcche Siziliens mitnimmt. K\u00fcchenchefin ist Sabina, die jeden Gang sorgf\u00e4ltig zusammenstellt und sich von der reichen Vielfalt der sizilianischen K\u00fcche inspirieren l\u00e4sst.<\/p><p>Dabei hat jeder einzelne Menugang seine eigene Geschichte, die von den Legenden und Mythen der Insel und teils den Erz\u00e4hlungen \u00fcber die Mafia gepr\u00e4gt ist. Die Kombination aus kulinarischen K\u00f6stlichkeiten, spannenden Geschichten und einer bezaubernden Inszenierung l\u00e4sst die G\u00e4ste in die Welt der mannigfachen sizilianischen Traditionen und deren Geheimnisse eintauchen. \u00abLa notte del padrino\u00bb ist mehr als nur ein Essen \u2013 es ist ein Abend voller Spannung, Magie und Geselligkeit, der lange in Erinnerung bleibt.<\/p><p><strong>8-Gang Men\u00fc inkl. Getr\u00e4nke (Prosecco, Weiss-\/Rotwein, Kaffee, Tee, Wasser). Alle G\u00e4nge sind auch vegetarisch erh\u00e4ltlich.<\/strong><\/p><p>Buchungen sind ab 4 bis maximal 12 Personen m\u00f6glich.<\/p><p><strong><a href=\"https:\/\/i100anni.com\/kontakt\/kontaktformular\/\">Das Angebot interessiert mich<\/a><br \/><\/strong><\/p>\t\t\t\t\t\t\t\t<\/div>\n\t\t\t\t<\/div>\n\t\t\t\t<\/div>\n\t\t\t\t\t<\/div>\n\t\t\t\t<\/main>\n\t\t<div class=\"elementor-element elementor-element-1572df1 e-con-full e-flex e-con e-parent\" data-id=\"1572df1\" data-element_type=\"container\" data-e-type=\"container\">\n\t\t<div class=\"elementor-element elementor-element-d2467aa e-con-full e-flex e-con e-child\" data-id=\"d2467aa\" data-element_type=\"container\" data-e-type=\"container\">\n\t\t<div class=\"elementor-element elementor-element-ceffc30 e-con-full e-flex e-con e-child\" data-id=\"ceffc30\" data-element_type=\"container\" data-e-type=\"container\" data-settings=\"{&quot;background_background&quot;:&quot;classic&quot;}\">\n\t\t\t\t<div class=\"elementor-element elementor-element-45e47bc elementor-widget elementor-widget-spacer\" data-id=\"45e47bc\" data-element_type=\"widget\" data-e-type=\"widget\" data-widget_type=\"spacer.default\">\n\t\t\t\t<div class=\"elementor-widget-container\">\n\t\t\t\t\t\t\t<div class=\"elementor-spacer\">\n\t\t\t<div class=\"elementor-spacer-inner\"><\/div>\n\t\t<\/div>\n\t\t\t\t\t\t<\/div>\n\t\t\t\t<\/div>\n\t\t\t\t<\/div>\n\t\t<div class=\"elementor-element elementor-element-f5b0d24 e-con-full e-flex e-con e-child\" data-id=\"f5b0d24\" data-element_type=\"container\" data-e-type=\"container\" data-settings=\"{&quot;background_background&quot;:&quot;classic&quot;}\">\n\t\t\t\t<div class=\"elementor-element elementor-element-ce988f5 elementor-cta--skin-classic elementor-animated-content elementor-bg-transform elementor-bg-transform-zoom-in elementor-widget elementor-widget-call-to-action\" data-id=\"ce988f5\" data-element_type=\"widget\" data-e-type=\"widget\" data-widget_type=\"call-to-action.default\">\n\t\t\t\t<div class=\"elementor-widget-container\">\n\t\t\t\t\t\t\t<div class=\"elementor-cta\">\n\t\t\t\t\t<div class=\"elementor-cta__bg-wrapper\">\n\t\t\t\t<div class=\"elementor-cta__bg elementor-bg\" style=\"background-image: url(https:\/\/i100anni.com\/wp-content\/uploads\/2024\/12\/Impressionen-Angebote-Essen-03-472x1024.jpg);\" role=\"img\" aria-label=\"Impressionen-Angebote-Essen-03\"><\/div>\n\t\t\t\t<div class=\"elementor-cta__bg-overlay\"><\/div>\n\t\t\t<\/div>\n\t\t\t\t\t\t\t\t<\/div>\n\t\t\t\t\t\t<\/div>\n\t\t\t\t<\/div>\n\t\t\t\t<\/div>\n\t\t<div class=\"elementor-element elementor-element-b24ed2c e-con-full e-flex e-con e-child\" data-id=\"b24ed2c\" data-element_type=\"container\" data-e-type=\"container\" data-settings=\"{&quot;background_background&quot;:&quot;classic&quot;}\">\n\t\t\t\t<div class=\"elementor-element elementor-element-8b529df elementor-cta--skin-classic elementor-animated-content elementor-bg-transform elementor-bg-transform-zoom-in elementor-widget elementor-widget-call-to-action\" data-id=\"8b529df\" data-element_type=\"widget\" data-e-type=\"widget\" data-widget_type=\"call-to-action.default\">\n\t\t\t\t<div class=\"elementor-widget-container\">\n\t\t\t\t\t\t\t<div class=\"elementor-cta\">\n\t\t\t\t\t<div class=\"elementor-cta__bg-wrapper\">\n\t\t\t\t<div class=\"elementor-cta__bg elementor-bg\" style=\"background-image: url(https:\/\/i100anni.com\/wp-content\/uploads\/2024\/12\/La-notte-del-padrino-02-768x1024.jpg);\" role=\"img\" aria-label=\"La-notte-del-padrino-02\"><\/div>\n\t\t\t\t<div class=\"elementor-cta__bg-overlay\"><\/div>\n\t\t\t<\/div>\n\t\t\t\t\t\t\t\t<\/div>\n\t\t\t\t\t\t<\/div>\n\t\t\t\t<\/div>\n\t\t\t\t<\/div>\n\t\t<div class=\"elementor-element elementor-element-8bb8857 e-con-full e-flex e-con e-child\" data-id=\"8bb8857\" data-element_type=\"container\" data-e-type=\"container\" data-settings=\"{&quot;background_background&quot;:&quot;classic&quot;}\">\n\t\t\t\t<div class=\"elementor-element elementor-element-f98f457 elementor-cta--skin-classic elementor-animated-content elementor-bg-transform elementor-bg-transform-zoom-in elementor-widget elementor-widget-call-to-action\" data-id=\"f98f457\" data-element_type=\"widget\" data-e-type=\"widget\" data-widget_type=\"call-to-action.default\">\n\t\t\t\t<div class=\"elementor-widget-container\">\n\t\t\t\t\t\t\t<div class=\"elementor-cta\">\n\t\t\t\t\t<div class=\"elementor-cta__bg-wrapper\">\n\t\t\t\t<div class=\"elementor-cta__bg elementor-bg\" style=\"background-image: url(https:\/\/i100anni.com\/wp-content\/uploads\/2024\/12\/Impressionen-Angebote-Essen-02_2-1024x991.jpg);\" role=\"img\" aria-label=\"Impressionen-Angebote-Essen-02_2\"><\/div>\n\t\t\t\t<div class=\"elementor-cta__bg-overlay\"><\/div>\n\t\t\t<\/div>\n\t\t\t\t\t\t\t\t<\/div>\n\t\t\t\t\t\t<\/div>\n\t\t\t\t<\/div>\n\t\t\t\t<\/div>\n\t\t<div class=\"elementor-element elementor-element-adee5da e-con-full e-flex e-con e-child\" data-id=\"adee5da\" data-element_type=\"container\" data-e-type=\"container\" data-settings=\"{&quot;background_background&quot;:&quot;classic&quot;}\">\n\t\t\t\t<div class=\"elementor-element elementor-element-7813f8e elementor-widget elementor-widget-spacer\" data-id=\"7813f8e\" data-element_type=\"widget\" data-e-type=\"widget\" data-widget_type=\"spacer.default\">\n\t\t\t\t<div class=\"elementor-widget-container\">\n\t\t\t\t\t\t\t<div class=\"elementor-spacer\">\n\t\t\t<div class=\"elementor-spacer-inner\"><\/div>\n\t\t<\/div>\n\t\t\t\t\t\t<\/div>\n\t\t\t\t<\/div>\n\t\t\t\t<\/div>\n\t\t\t\t<\/div>\n\t\t\t\t<div class=\"elementor-element elementor-element-e04e426 elementor-widget__width-auto elementor-fixed elementor-view-default elementor-invisible elementor-widget elementor-widget-icon\" data-id=\"e04e426\" data-element_type=\"widget\" data-e-type=\"widget\" data-settings=\"{&quot;_position&quot;:&quot;fixed&quot;,&quot;motion_fx_motion_fx_scrolling&quot;:&quot;yes&quot;,&quot;motion_fx_opacity_effect&quot;:&quot;yes&quot;,&quot;motion_fx_opacity_range&quot;:{&quot;unit&quot;:&quot;%&quot;,&quot;size&quot;:&quot;&quot;,&quot;sizes&quot;:{&quot;start&quot;:10,&quot;end&quot;:40}},&quot;_animation&quot;:&quot;slideInUp&quot;,&quot;motion_fx_opacity_direction&quot;:&quot;out-in&quot;,&quot;motion_fx_opacity_level&quot;:{&quot;unit&quot;:&quot;px&quot;,&quot;size&quot;:10,&quot;sizes&quot;:[]},&quot;motion_fx_devices&quot;:[&quot;desktop&quot;,&quot;laptop&quot;,&quot;tablet&quot;,&quot;mobile&quot;]}\" title=\"go top\" data-widget_type=\"icon.default\">\n\t\t\t\t<div class=\"elementor-widget-container\">\n\t\t\t\t\t\t\t<div class=\"elementor-icon-wrapper\">\n\t\t\t<a class=\"elementor-icon elementor-animation-grow\" href=\"#top\">\n\t\t\t<svg xmlns=\"http:\/\/www.w3.org\/2000\/svg\" xmlns:xlink=\"http:\/\/www.w3.org\/1999\/xlink\" width=\"20\" height=\"20\" viewBox=\"0 0 20 20\"><path fill=\"#000000\" d=\"M9.146 0.646l-6 6c-0.195 0.195-0.195 0.512 0 0.707s0.512 0.195 0.707 0l5.146-5.146v16.293c0 0.276 0.224 0.5 0.5 0.5s0.5-0.224 0.5-0.5v-16.293l5.146 5.146c0.195 0.195 0.512 0.195 0.707 0 0.098-0.098 0.146-0.226 0.146-0.354s-0.049-0.256-0.146-0.354l-6-6c-0.195-0.195-0.512-0.195-0.707 0z\"><\/path><\/svg>\t\t\t<\/a>\n\t\t<\/div>\n\t\t\t\t\t\t<\/div>\n\t\t\t\t<\/div>\n\t\t\t\t<\/div>\n\t\t\t\t<\/div>\n\t\t","protected":false},"excerpt":{"rendered":"<p>\u00abLa notte del padrino\u00bb ist ein Degustationsessen, das die G\u00e4ste auf eine unvergessliche kulinarische Genussreise durch die unvergleichliche K\u00fcche Siziliens mitnimmt. K\u00fcchenchefin ist Sabina, die jeden Gang sorgf\u00e4ltig zusammenstellt und sich von der reichen Vielfalt der sizilianischen K\u00fcche inspirieren l\u00e4sst. Dabei hat jeder einzelne Menugang seine eigene Geschichte, die von den Legenden und Mythen der [&hellip;]<\/p>\n","protected":false},"author":1,"featured_media":608,"parent":114,"menu_order":1,"comment_status":"closed","ping_status":"closed","template":"","meta":{"footnotes":""},"class_list":["post-700","page","type-page","status-publish","has-post-thumbnail","hentry"],"_links":{"self":[{"href":"https:\/\/i100anni.com\/en\/wp-json\/wp\/v2\/pages\/700","targetHints":{"allow":["GET"]}}],"collection":[{"href":"https:\/\/i100anni.com\/en\/wp-json\/wp\/v2\/pages"}],"about":[{"href":"https:\/\/i100anni.com\/en\/wp-json\/wp\/v2\/types\/page"}],"author":[{"embeddable":true,"href":"https:\/\/i100anni.com\/en\/wp-json\/wp\/v2\/users\/1"}],"replies":[{"embeddable":true,"href":"https:\/\/i100anni.com\/en\/wp-json\/wp\/v2\/comments?post=700"}],"version-history":[{"count":0,"href":"https:\/\/i100anni.com\/en\/wp-json\/wp\/v2\/pages\/700\/revisions"}],"up":[{"embeddable":true,"href":"https:\/\/i100anni.com\/en\/wp-json\/wp\/v2\/pages\/114"}],"wp:featuredmedia":[{"embeddable":true,"href":"https:\/\/i100anni.com\/en\/wp-json\/wp\/v2\/media\/608"}],"wp:attachment":[{"href":"https:\/\/i100anni.com\/en\/wp-json\/wp\/v2\/media?parent=700"}],"curies":[{"name":"wp","href":"https:\/\/api.w.org\/{rel}","templated":true}]}}