{"id":715,"date":"2024-12-13T20:45:33","date_gmt":"2024-12-13T19:45:33","guid":{"rendered":"https:\/\/i100anni.com\/?page_id=715"},"modified":"2026-01-22T18:57:32","modified_gmt":"2026-01-22T17:57:32","slug":"hochzeiten-geburtstage-private-parties","status":"publish","type":"page","link":"https:\/\/i100anni.com\/en\/unsere-angebote\/hochzeiten-geburtstage-private-parties\/","title":{"rendered":"Hochzeiten, Geburtstage, Private Partys"},"content":{"rendered":"\t\t<div data-elementor-type=\"wp-page\" data-elementor-id=\"715\" class=\"elementor elementor-715\" data-elementor-post-type=\"page\">\n\t\t\t\t<main class=\"elementor-element elementor-element-fb81e73 e-flex e-con-boxed e-con e-parent\" data-id=\"fb81e73\" data-element_type=\"container\" data-e-type=\"container\" id=\"top\" data-settings=\"{&quot;background_background&quot;:&quot;classic&quot;}\">\n\t\t\t\t\t<div class=\"e-con-inner\">\n\t\t<div class=\"elementor-element elementor-element-806d3e7 e-con-full e-flex e-con e-child\" data-id=\"806d3e7\" data-element_type=\"container\" data-e-type=\"container\">\n\t\t\t\t<div class=\"elementor-element elementor-element-7f660a6 elementor-widget__width-initial elementor-widget-tablet__width-inherit elementor-widget elementor-widget-heading\" data-id=\"7f660a6\" data-element_type=\"widget\" data-e-type=\"widget\" data-widget_type=\"heading.default\">\n\t\t\t\t<div class=\"elementor-widget-container\">\n\t\t\t\t\t<h2 class=\"elementor-heading-title elementor-size-default\">Hochzeiten, Geburtstage, Private Partys<\/h2>\t\t\t\t<\/div>\n\t\t\t\t<\/div>\n\t\t\t\t<div class=\"elementor-element elementor-element-c64a395 elementor-widget__width-initial elementor-widget-tablet__width-inherit elementor-widget elementor-widget-text-editor\" data-id=\"c64a395\" data-element_type=\"widget\" data-e-type=\"widget\" data-widget_type=\"text-editor.default\">\n\t\t\t\t<div class=\"elementor-widget-container\">\n\t\t\t\t\t\t\t\t\t<p><strong>F\u00fcr Hochzeiten, Geburtstage und private Partys<\/strong> bieten wir den perfekten Rahmen. Ob ein intimes Fest oder eine gr\u00f6ssere Feier \u2013 wir sorgen f\u00fcr einen individuell gestalteten Anlass, der genau auf Ihre W\u00fcnsche abgestimmt ist. F\u00fcr gr\u00f6ssere Anl\u00e4sse haben wir mit Antonio und seinen Mitarbeitern vom bekannten Ristorante Paradise-Alcantara in Muscian\u00f2 den perfekten Catering-Partner an unserer Seite.<\/p><p>Zur Unterhaltung k\u00f6nnen unsere G\u00e4ste w\u00e4hlen zwischen Live-Musik der bekannten \u201ei Suonatori di Taormina\u201c, die den Charme Siziliens mit Gitarre, Akkordeon und Mandoline einfangen, oder anderen Programmpunkten wie DJ-Sets. Mit der malerischen Kulisse von Taormina und Castelmola, dem Blick auf das Meer und die Bucht Giardini Naxos und den \u00c4tna wird jede Feier zu einem fantastischen Erlebnis. Das Eventlokal bietet nicht nur kulinarische K\u00f6stlichkeiten, sondern auch eine liebevoll dekorierte Umgebung, die eine warme und festliche Atmosph\u00e4re schafft.<\/p><p><strong><a href=\"https:\/\/i100anni.com\/kontakt\/kontaktformular\/\">Das Angebot interessiert mich<\/a><\/strong><\/p>\t\t\t\t\t\t\t\t<\/div>\n\t\t\t\t<\/div>\n\t\t\t\t<\/div>\n\t\t\t\t<div class=\"elementor-element elementor-element-1bd229e elementor-widget__width-auto elementor-fixed elementor-view-default elementor-invisible elementor-widget elementor-widget-icon\" data-id=\"1bd229e\" data-element_type=\"widget\" data-e-type=\"widget\" data-settings=\"{&quot;_position&quot;:&quot;fixed&quot;,&quot;motion_fx_motion_fx_scrolling&quot;:&quot;yes&quot;,&quot;motion_fx_opacity_effect&quot;:&quot;yes&quot;,&quot;motion_fx_opacity_range&quot;:{&quot;unit&quot;:&quot;%&quot;,&quot;size&quot;:&quot;&quot;,&quot;sizes&quot;:{&quot;start&quot;:&quot;10&quot;,&quot;end&quot;:&quot;40&quot;}},&quot;_animation&quot;:&quot;slideInUp&quot;,&quot;motion_fx_opacity_direction&quot;:&quot;out-in&quot;,&quot;motion_fx_opacity_level&quot;:{&quot;unit&quot;:&quot;px&quot;,&quot;size&quot;:10,&quot;sizes&quot;:[]},&quot;motion_fx_devices&quot;:[&quot;desktop&quot;,&quot;laptop&quot;,&quot;tablet&quot;,&quot;mobile&quot;]}\" title=\"go top\" data-widget_type=\"icon.default\">\n\t\t\t\t<div class=\"elementor-widget-container\">\n\t\t\t\t\t\t\t<div class=\"elementor-icon-wrapper\">\n\t\t\t<a class=\"elementor-icon elementor-animation-grow\" href=\"#top\">\n\t\t\t<svg xmlns=\"http:\/\/www.w3.org\/2000\/svg\" xmlns:xlink=\"http:\/\/www.w3.org\/1999\/xlink\" width=\"20\" height=\"20\" viewBox=\"0 0 20 20\"><path fill=\"#000000\" d=\"M9.146 0.646l-6 6c-0.195 0.195-0.195 0.512 0 0.707s0.512 0.195 0.707 0l5.146-5.146v16.293c0 0.276 0.224 0.5 0.5 0.5s0.5-0.224 0.5-0.5v-16.293l5.146 5.146c0.195 0.195 0.512 0.195 0.707 0 0.098-0.098 0.146-0.226 0.146-0.354s-0.049-0.256-0.146-0.354l-6-6c-0.195-0.195-0.512-0.195-0.707 0z\"><\/path><\/svg>\t\t\t<\/a>\n\t\t<\/div>\n\t\t\t\t\t\t<\/div>\n\t\t\t\t<\/div>\n\t\t\t\t\t<\/div>\n\t\t\t\t<\/main>\n\t\t\t\t<\/div>\n\t\t","protected":false},"excerpt":{"rendered":"<p>Hochzeiten, Geburtstage, Private Partys F\u00fcr Hochzeiten, Geburtstage und private Partys bieten wir den perfekten Rahmen. Ob ein intimes Fest oder eine gr\u00f6ssere Feier \u2013 wir sorgen f\u00fcr einen individuell gestalteten Anlass, der genau auf Ihre W\u00fcnsche abgestimmt ist. F\u00fcr gr\u00f6ssere Anl\u00e4sse haben wir mit Antonio und seinen Mitarbeitern vom bekannten Ristorante Paradise-Alcantara in Muscian\u00f2 den [&hellip;]<\/p>\n","protected":false},"author":1,"featured_media":581,"parent":114,"menu_order":4,"comment_status":"closed","ping_status":"closed","template":"","meta":{"footnotes":""},"class_list":["post-715","page","type-page","status-publish","has-post-thumbnail","hentry"],"_links":{"self":[{"href":"https:\/\/i100anni.com\/en\/wp-json\/wp\/v2\/pages\/715","targetHints":{"allow":["GET"]}}],"collection":[{"href":"https:\/\/i100anni.com\/en\/wp-json\/wp\/v2\/pages"}],"about":[{"href":"https:\/\/i100anni.com\/en\/wp-json\/wp\/v2\/types\/page"}],"author":[{"embeddable":true,"href":"https:\/\/i100anni.com\/en\/wp-json\/wp\/v2\/users\/1"}],"replies":[{"embeddable":true,"href":"https:\/\/i100anni.com\/en\/wp-json\/wp\/v2\/comments?post=715"}],"version-history":[{"count":0,"href":"https:\/\/i100anni.com\/en\/wp-json\/wp\/v2\/pages\/715\/revisions"}],"up":[{"embeddable":true,"href":"https:\/\/i100anni.com\/en\/wp-json\/wp\/v2\/pages\/114"}],"wp:featuredmedia":[{"embeddable":true,"href":"https:\/\/i100anni.com\/en\/wp-json\/wp\/v2\/media\/581"}],"wp:attachment":[{"href":"https:\/\/i100anni.com\/en\/wp-json\/wp\/v2\/media?parent=715"}],"curies":[{"name":"wp","href":"https:\/\/api.w.org\/{rel}","templated":true}]}}